{"id":472,"date":"2020-08-24T14:18:24","date_gmt":"2020-08-24T14:18:24","guid":{"rendered":"https:\/\/www.implantdentalbadalona.com\/protesis-dental\/"},"modified":"2020-09-07T08:27:22","modified_gmt":"2020-09-07T08:27:22","slug":"protesis-dental","status":"publish","type":"page","link":"https:\/\/www.implantdentalbadalona.com\/ca\/protesis-dental\/","title":{"rendered":"Pr\u00f2tesis Dental"},"content":{"rendered":"\t\t<div data-elementor-type=\"wp-page\" data-elementor-id=\"472\" class=\"elementor elementor-472 elementor-199\" data-elementor-post-type=\"page\">\n\t\t\t\t\t\t<section class=\"elementor-section elementor-top-section elementor-element elementor-element-6a6fe72 elementor-section-stretched elementor-section-boxed elementor-section-height-default elementor-section-height-default\" data-id=\"6a6fe72\" data-element_type=\"section\" data-settings=\"{&quot;stretch_section&quot;:&quot;section-stretched&quot;}\">\n\t\t\t\t\t\t\t<div class=\"elementor-background-overlay\"><\/div>\n\t\t\t\t\t\t\t<div class=\"elementor-container elementor-column-gap-default\">\n\t\t\t\t\t<div class=\"elementor-column elementor-col-100 elementor-top-column elementor-element elementor-element-e091069\" data-id=\"e091069\" data-element_type=\"column\">\n\t\t\t<div class=\"elementor-widget-wrap elementor-element-populated\">\n\t\t\t\t\t\t\t<\/div>\n\t\t<\/div>\n\t\t\t\t\t<\/div>\n\t\t<\/section>\n\t\t\t\t<section class=\"elementor-section elementor-top-section elementor-element elementor-element-6bf2c27 elementor-section-boxed elementor-section-height-default elementor-section-height-default\" data-id=\"6bf2c27\" data-element_type=\"section\">\n\t\t\t\t\t\t<div class=\"elementor-container elementor-column-gap-default\">\n\t\t\t\t\t<div class=\"elementor-column elementor-col-100 elementor-top-column elementor-element elementor-element-dedbbe0\" data-id=\"dedbbe0\" data-element_type=\"column\">\n\t\t\t<div class=\"elementor-widget-wrap elementor-element-populated\">\n\t\t\t\t\t\t<div class=\"elementor-element elementor-element-46d5dbe elementor-widget elementor-widget-heading\" data-id=\"46d5dbe\" data-element_type=\"widget\" data-settings=\"{&quot;motion_fx_motion_fx_scrolling&quot;:&quot;yes&quot;,&quot;motion_fx_translateY_effect&quot;:&quot;yes&quot;,&quot;motion_fx_translateY_speed&quot;:{&quot;unit&quot;:&quot;px&quot;,&quot;size&quot;:&quot;0.5&quot;,&quot;sizes&quot;:[]},&quot;motion_fx_translateY_affectedRange&quot;:{&quot;unit&quot;:&quot;%&quot;,&quot;size&quot;:&quot;&quot;,&quot;sizes&quot;:{&quot;start&quot;:&quot;0&quot;,&quot;end&quot;:&quot;50&quot;}},&quot;motion_fx_opacity_effect&quot;:&quot;yes&quot;,&quot;motion_fx_opacity_range&quot;:{&quot;unit&quot;:&quot;%&quot;,&quot;size&quot;:&quot;&quot;,&quot;sizes&quot;:{&quot;start&quot;:&quot;0&quot;,&quot;end&quot;:&quot;50&quot;}},&quot;motion_fx_devices&quot;:[&quot;desktop&quot;,&quot;mobile&quot;],&quot;motion_fx_opacity_direction&quot;:&quot;out-in&quot;,&quot;motion_fx_opacity_level&quot;:{&quot;unit&quot;:&quot;px&quot;,&quot;size&quot;:10,&quot;sizes&quot;:[]}}\" data-widget_type=\"heading.default\">\n\t\t\t\t<div class=\"elementor-widget-container\">\n\t\t\t<h1 class=\"elementor-heading-title elementor-size-default\">PR\u00d2TESIS DENTALS A BADALONA<\/h1>\t\t<\/div>\n\t\t\t\t<\/div>\n\t\t\t\t\t<\/div>\n\t\t<\/div>\n\t\t\t\t\t<\/div>\n\t\t<\/section>\n\t\t\t\t<section class=\"elementor-section elementor-top-section elementor-element elementor-element-dacf1b6 elementor-section-boxed elementor-section-height-default elementor-section-height-default\" data-id=\"dacf1b6\" data-element_type=\"section\">\n\t\t\t\t\t\t<div class=\"elementor-container elementor-column-gap-default\">\n\t\t\t\t\t<div class=\"elementor-column elementor-col-100 elementor-top-column elementor-element elementor-element-7227b53\" data-id=\"7227b53\" data-element_type=\"column\">\n\t\t\t<div class=\"elementor-widget-wrap elementor-element-populated\">\n\t\t\t\t\t\t<div class=\"elementor-element elementor-element-6382059 elementor-widget elementor-widget-text-editor\" data-id=\"6382059\" data-element_type=\"widget\" data-widget_type=\"text-editor.default\">\n\t\t\t\t<div class=\"elementor-widget-container\">\n\t\t\t\t\t\t\t<p>A conseq\u00fc\u00e8ncia del pas de el temps, atr\u00f2fia o b\u00e9 malaltia periodontal, es pot generar la caiguda de certes peces bucals. L&#8217;abs\u00e8ncia de dents comporta una reabsorci\u00f3 de l&#8217;os que els sost\u00e9, o b\u00e9 moviments involuntaris de certes dents, ja que aquests tendeixen a ocupar els espais lliures.<\/p>\n<p>Per aquests motius, cal reempla\u00e7ar les peces perdudes. Una de les millors solucions s\u00f3n les pr\u00f2tesis bucals, que poden ser fixes o b\u00e9 removibles. Segur que has sentit parlar de persones que les porten per\u00f2 mai t&#8217;has parat a pensar qu\u00e8 s\u00f3n exactament.<\/p>\n\t\t\t\t\t\t<\/div>\n\t\t\t\t<\/div>\n\t\t\t\t\t<\/div>\n\t\t<\/div>\n\t\t\t\t\t<\/div>\n\t\t<\/section>\n\t\t\t\t<section class=\"elementor-section elementor-top-section elementor-element elementor-element-af68947 elementor-section-boxed elementor-section-height-default elementor-section-height-default\" data-id=\"af68947\" data-element_type=\"section\">\n\t\t\t\t\t\t<div class=\"elementor-container elementor-column-gap-default\">\n\t\t\t\t\t<div class=\"elementor-column elementor-col-100 elementor-top-column elementor-element elementor-element-37a35c9\" data-id=\"37a35c9\" data-element_type=\"column\">\n\t\t\t<div class=\"elementor-widget-wrap elementor-element-populated\">\n\t\t\t\t\t\t<div class=\"elementor-element elementor-element-df41ae1 elementor-widget elementor-widget-heading\" data-id=\"df41ae1\" data-element_type=\"widget\" data-widget_type=\"heading.default\">\n\t\t\t\t<div class=\"elementor-widget-container\">\n\t\t\t<h2 class=\"elementor-heading-title elementor-size-default\">Qu\u00e8 son les Pr\u00f2tesis Dentals<\/h2>\t\t<\/div>\n\t\t\t\t<\/div>\n\t\t\t\t<div class=\"elementor-element elementor-element-94303e1 elementor-widget elementor-widget-text-editor\" data-id=\"94303e1\" data-element_type=\"widget\" data-widget_type=\"text-editor.default\">\n\t\t\t\t<div class=\"elementor-widget-container\">\n\t\t\t\t\t\t\t<p>S\u00f3n estructures artificials que ens permeten restaurar o reempla\u00e7ar les peces dentals que es perden com a conseq\u00fc\u00e8ncia de c\u00e0ries avan\u00e7ades, malaltia periodontal o traumatismes. El seu principal objectiu \u00e9s tornar la funcionalitat, fonaci\u00f3 i est\u00e8tica a l&#8217;pacient.<\/p>\n\t\t\t\t\t\t<\/div>\n\t\t\t\t<\/div>\n\t\t\t\t\t<\/div>\n\t\t<\/div>\n\t\t\t\t\t<\/div>\n\t\t<\/section>\n\t\t\t\t<section class=\"elementor-section elementor-top-section elementor-element elementor-element-7f9e4f3 elementor-section-stretched elementor-section-boxed elementor-section-height-default elementor-section-height-default\" data-id=\"7f9e4f3\" data-element_type=\"section\" data-settings=\"{&quot;stretch_section&quot;:&quot;section-stretched&quot;}\">\n\t\t\t\t\t\t\t<div class=\"elementor-background-overlay\"><\/div>\n\t\t\t\t\t\t\t<div class=\"elementor-container elementor-column-gap-default\">\n\t\t\t\t\t<div class=\"elementor-column elementor-col-100 elementor-top-column elementor-element elementor-element-b3f6682\" data-id=\"b3f6682\" data-element_type=\"column\">\n\t\t\t<div class=\"elementor-widget-wrap elementor-element-populated\">\n\t\t\t\t\t\t<div class=\"elementor-element elementor-element-7eb6196 elementor-widget elementor-widget-heading\" data-id=\"7eb6196\" data-element_type=\"widget\" data-widget_type=\"heading.default\">\n\t\t\t\t<div class=\"elementor-widget-container\">\n\t\t\t<h2 class=\"elementor-heading-title elementor-size-default\">Tipus de Pr\u00f2tesis Dentals<\/h2>\t\t<\/div>\n\t\t\t\t<\/div>\n\t\t\t\t<div class=\"elementor-element elementor-element-a5f92ad elementor-widget elementor-widget-text-editor\" data-id=\"a5f92ad\" data-element_type=\"widget\" data-widget_type=\"text-editor.default\">\n\t\t\t\t<div class=\"elementor-widget-container\">\n\t\t\t\t\t\t\t<p>Les pr\u00f2tesis es classifiquen tenint en compte les seves caracter\u00edstiques:<\/p>\n<p>&#8211; <strong>Removibles:<\/strong> Les que el pacient pot retirar de la boca i tornar a col\u00b7locar per si mateix, facilitant la higiene de la pr\u00f2tesi i boca.<\/p>\n<p>&#8211; <strong>Fixes:<\/strong> S\u00f3n les que nom\u00e9s poden ser col\u00b7locades per l&#8217;odont\u00f2leg, poden ser cimentades o cargolades.<\/p>\n<p>&#8211; <strong>Completes:<\/strong> Substitueixen totes les dents, poden ser completes maxil\u00b7lars (superiors) o completes mandibulars (inferiors).<\/p>\n<p>&#8211; <strong>Parcials:<\/strong> Utilitzades quan falten diverses dents i no poden ser substitu\u00efts per pr\u00f2tesis fixes.<\/p>\n<p>&#8211; <strong>Pr\u00f2tesis mixtes:<\/strong> Compten amb una part fixa en boca i una altra que el pacient pot retirar i col\u00b7locar ell mateix.<\/p>\n<p>&#8211; <strong>Pr\u00f2tesis sobre implants:<\/strong> S\u00f3n totes aquelles que estan suportades per implants col\u00b7locats pr\u00e8viament. Poden ser fixes o mixtes.<\/p>\n<p>Totes elles han de tenir una cura i manteniment de part de l&#8217;pacient seguint les instruccions que haur\u00e0 d&#8217;explicar l&#8217;odont\u00f2leg i la higienista dental.<\/p>\n\t\t\t\t\t\t<\/div>\n\t\t\t\t<\/div>\n\t\t\t\t\t<\/div>\n\t\t<\/div>\n\t\t\t\t\t<\/div>\n\t\t<\/section>\n\t\t\t\t<section class=\"elementor-section elementor-top-section elementor-element elementor-element-9be7376 elementor-section-stretched elementor-section-boxed elementor-section-height-default elementor-section-height-default\" data-id=\"9be7376\" data-element_type=\"section\" data-settings=\"{&quot;stretch_section&quot;:&quot;section-stretched&quot;}\">\n\t\t\t\t\t\t\t<div class=\"elementor-background-overlay\"><\/div>\n\t\t\t\t\t\t\t<div class=\"elementor-container elementor-column-gap-default\">\n\t\t\t\t\t<div class=\"elementor-column elementor-col-100 elementor-top-column elementor-element elementor-element-2ba6327\" data-id=\"2ba6327\" data-element_type=\"column\">\n\t\t\t<div class=\"elementor-widget-wrap elementor-element-populated\">\n\t\t\t\t\t\t<div class=\"elementor-element elementor-element-0753d16 elementor-widget elementor-widget-heading\" data-id=\"0753d16\" data-element_type=\"widget\" data-widget_type=\"heading.default\">\n\t\t\t\t<div class=\"elementor-widget-container\">\n\t\t\t<h3 class=\"elementor-heading-title elementor-size-default\">Beneficis de les Pr\u00f2tesis Dentals<\/h3>\t\t<\/div>\n\t\t\t\t<\/div>\n\t\t\t\t<div class=\"elementor-element elementor-element-2236c61 elementor-widget elementor-widget-text-editor\" data-id=\"2236c61\" data-element_type=\"widget\" data-widget_type=\"text-editor.default\">\n\t\t\t\t<div class=\"elementor-widget-container\">\n\t\t\t\t\t\t\t<p>Alguns dels avantatges de les pr\u00f2tesis dentals s\u00f3n les seg\u00fcents:<\/p>\n<ul>\n<li>Recuperes les <strong>teves funcions masticat\u00f2ries.<\/strong><\/li>\n<li>No tens problemes de <strong>fonaci\u00f3.<\/strong><\/li>\n<li>Gaudeixes d&#8217;una dentici\u00f3 molt <strong>est\u00e8tica.<\/strong><\/li>\n<li>S&#8217;evita l&#8217;<strong>aparen\u00e7a envellida<\/strong> de la teva boca.<\/li>\n<li>Et plena de confian\u00e7a i <strong>autoestima.<\/strong><\/li>\n<li>S\u00f3n <strong>resistents<\/strong> i <strong>duradores<\/strong>.<\/li>\n<\/ul>\n\t\t\t\t\t\t<\/div>\n\t\t\t\t<\/div>\n\t\t\t\t\t<\/div>\n\t\t<\/div>\n\t\t\t\t\t<\/div>\n\t\t<\/section>\n\t\t\t\t<section class=\"elementor-section elementor-top-section elementor-element elementor-element-f24ac0 elementor-section-content-middle elementor-section-stretched elementor-section-full_width elementor-section-height-default elementor-section-height-default\" data-id=\"f24ac0\" data-element_type=\"section\" data-settings=\"{&quot;stretch_section&quot;:&quot;section-stretched&quot;}\">\n\t\t\t\t\t\t<div class=\"elementor-container elementor-column-gap-no\">\n\t\t\t\t\t<div class=\"elementor-column elementor-col-100 elementor-top-column elementor-element elementor-element-34ac523f\" data-id=\"34ac523f\" data-element_type=\"column\">\n\t\t\t<div class=\"elementor-widget-wrap elementor-element-populated\">\n\t\t\t\t\t\t<div class=\"elementor-element elementor-element-2c3f2588 elementor-widget elementor-widget-heading\" data-id=\"2c3f2588\" data-element_type=\"widget\" data-widget_type=\"heading.default\">\n\t\t\t\t<div class=\"elementor-widget-container\">\n\t\t\t<h2 class=\"elementor-heading-title elementor-size-default\">Preguntes m\u00e9s freq\u00fcents sobre pr\u00f2tesis dentals<\/h2>\t\t<\/div>\n\t\t\t\t<\/div>\n\t\t\t\t<div class=\"elementor-element elementor-element-3e73ec36 elementor-widget elementor-widget-heading\" data-id=\"3e73ec36\" data-element_type=\"widget\" data-widget_type=\"heading.default\">\n\t\t\t\t<div class=\"elementor-widget-container\">\n\t\t\t<h5 class=\"elementor-heading-title elementor-size-default\">FAQ'S<\/h5>\t\t<\/div>\n\t\t\t\t<\/div>\n\t\t\t\t<div class=\"elementor-element elementor-element-26c315ce elementor-widget elementor-widget-toggle\" data-id=\"26c315ce\" data-element_type=\"widget\" data-widget_type=\"toggle.default\">\n\t\t\t\t<div class=\"elementor-widget-container\">\n\t\t\t\t\t<div class=\"elementor-toggle\">\n\t\t\t\t\t\t\t<div class=\"elementor-toggle-item\">\n\t\t\t\t\t<div id=\"elementor-tab-title-6501\" class=\"elementor-tab-title\" data-tab=\"1\" role=\"button\" aria-controls=\"elementor-tab-content-6501\" aria-expanded=\"false\">\n\t\t\t\t\t\t\t\t\t\t\t\t<span class=\"elementor-toggle-icon elementor-toggle-icon-right\" aria-hidden=\"true\">\n\t\t\t\t\t\t\t\t\t\t\t\t\t\t\t<span class=\"elementor-toggle-icon-closed\"><i class=\"fas fa-caret-right\"><\/i><\/span>\n\t\t\t\t\t\t\t\t<span class=\"elementor-toggle-icon-opened\"><i class=\"elementor-toggle-icon-opened fas fa-caret-up\"><\/i><\/span>\n\t\t\t\t\t\t\t\t\t\t\t\t\t<\/span>\n\t\t\t\t\t\t\t\t\t\t\t\t<a class=\"elementor-toggle-title\" tabindex=\"0\">Es notar\u00e0 que porto una pr\u00f2tesis posada?<\/a>\n\t\t\t\t\t<\/div>\n\n\t\t\t\t\t<div id=\"elementor-tab-content-6501\" class=\"elementor-tab-content elementor-clearfix\" data-tab=\"1\" role=\"region\" aria-labelledby=\"elementor-tab-title-6501\"><p>Un diagn\u00f2stic detallat i exhaustiu \u00e9s la clau per aconseguir un acabat el m\u00e9s natural possible. S&#8217;han d&#8217;estudiar factors com:<\/p>\n<ul>\n<li>Quantitat i qualitat d&#8217;os i teixits tous a la zona a rehabilitar per tenir una correcta retenci\u00f3, ser\u00e0 la clau per aconseguir una est\u00e8tica adequada.<\/li>\n<li>El somriure de l&#8217;pacient.<\/li>\n<li>Ter\u00e7os facials.<\/li>\n<li>Color dental, etc.<\/li>\n<\/ul>\n<\/div>\n\t\t\t\t<\/div>\n\t\t\t\t\t\t\t<div class=\"elementor-toggle-item\">\n\t\t\t\t\t<div id=\"elementor-tab-title-6502\" class=\"elementor-tab-title\" data-tab=\"2\" role=\"button\" aria-controls=\"elementor-tab-content-6502\" aria-expanded=\"false\">\n\t\t\t\t\t\t\t\t\t\t\t\t<span class=\"elementor-toggle-icon elementor-toggle-icon-right\" aria-hidden=\"true\">\n\t\t\t\t\t\t\t\t\t\t\t\t\t\t\t<span class=\"elementor-toggle-icon-closed\"><i class=\"fas fa-caret-right\"><\/i><\/span>\n\t\t\t\t\t\t\t\t<span class=\"elementor-toggle-icon-opened\"><i class=\"elementor-toggle-icon-opened fas fa-caret-up\"><\/i><\/span>\n\t\t\t\t\t\t\t\t\t\t\t\t\t<\/span>\n\t\t\t\t\t\t\t\t\t\t\t\t<a class=\"elementor-toggle-title\" tabindex=\"0\">Quant costa una pr\u00f2tesi?<\/a>\n\t\t\t\t\t<\/div>\n\n\t\t\t\t\t<div id=\"elementor-tab-content-6502\" class=\"elementor-tab-content elementor-clearfix\" data-tab=\"2\" role=\"region\" aria-labelledby=\"elementor-tab-title-6502\"><p>El cost d&#8217;una pr\u00f2tesi pot variar depenent de el tipus i material amb el qual es realitza, aix\u00ed com de les perspectives de l&#8217;pacient i de l&#8217;estat de salut bucal general.<\/p>\n<\/div>\n\t\t\t\t<\/div>\n\t\t\t\t\t\t\t<div class=\"elementor-toggle-item\">\n\t\t\t\t\t<div id=\"elementor-tab-title-6503\" class=\"elementor-tab-title\" data-tab=\"3\" role=\"button\" aria-controls=\"elementor-tab-content-6503\" aria-expanded=\"false\">\n\t\t\t\t\t\t\t\t\t\t\t\t<span class=\"elementor-toggle-icon elementor-toggle-icon-right\" aria-hidden=\"true\">\n\t\t\t\t\t\t\t\t\t\t\t\t\t\t\t<span class=\"elementor-toggle-icon-closed\"><i class=\"fas fa-caret-right\"><\/i><\/span>\n\t\t\t\t\t\t\t\t<span class=\"elementor-toggle-icon-opened\"><i class=\"elementor-toggle-icon-opened fas fa-caret-up\"><\/i><\/span>\n\t\t\t\t\t\t\t\t\t\t\t\t\t<\/span>\n\t\t\t\t\t\t\t\t\t\t\t\t<a class=\"elementor-toggle-title\" tabindex=\"0\">Quina difer\u00e8ncia hi ha entre una pr\u00f2tesi i un implant dental?<\/a>\n\t\t\t\t\t<\/div>\n\n\t\t\t\t\t<div id=\"elementor-tab-content-6503\" class=\"elementor-tab-content elementor-clearfix\" data-tab=\"3\" role=\"region\" aria-labelledby=\"elementor-tab-title-6503\"><p>La pr\u00f2tesi \u00e9s la part funcional d&#8217;una rehabilitaci\u00f3, \u00e9s la part m\u00e9s visible i la que ens atorga l&#8217;est\u00e8tica adequada. En canvi, l&#8217;implant \u00e9s el que d\u00f3na suport a la pr\u00f2tesi, ha d&#8217;estar integrat en l&#8217;os, \u00e9s la part no visible de la rehabilitaci\u00f3, per\u00f2 no per aquesta ra\u00f3 menys important.<\/p>\n<\/div>\n\t\t\t\t<\/div>\n\t\t\t\t\t\t\t\t<\/div>\n\t\t\t\t<\/div>\n\t\t\t\t<\/div>\n\t\t\t\t\t<\/div>\n\t\t<\/div>\n\t\t\t\t\t<\/div>\n\t\t<\/section>\n\t\t\t\t<\/div>\n\t\t","protected":false},"excerpt":{"rendered":"<p>PR\u00d2TESIS DENTALS A BADALONA A conseq\u00fc\u00e8ncia del pas de el temps, atr\u00f2fia o b\u00e9 malaltia periodontal, es pot generar la caiguda de certes peces bucals. L&#8217;abs\u00e8ncia de dents comporta una reabsorci\u00f3 de l&#8217;os que els sost\u00e9, o b\u00e9 moviments involuntaris de certes dents, ja que aquests tendeixen a ocupar els espais lliures. Per aquests motius, &#8230; <a title=\"Pr\u00f2tesis Dental\" class=\"read-more\" href=\"https:\/\/www.implantdentalbadalona.com\/ca\/protesis-dental\/\" aria-label=\"M\u00e9s informaci\u00f3 sobre Pr\u00f2tesis Dental\">Read more<\/a><\/p>\n","protected":false},"author":1,"featured_media":0,"parent":0,"menu_order":0,"comment_status":"closed","ping_status":"closed","template":"","meta":{"_seopress_robots_primary_cat":"","_seopress_titles_title":"","_seopress_titles_desc":"","_seopress_robots_index":"","footnotes":""},"class_list":["post-472","page","type-page","status-publish"],"_links":{"self":[{"href":"https:\/\/www.implantdentalbadalona.com\/ca\/wp-json\/wp\/v2\/pages\/472"}],"collection":[{"href":"https:\/\/www.implantdentalbadalona.com\/ca\/wp-json\/wp\/v2\/pages"}],"about":[{"href":"https:\/\/www.implantdentalbadalona.com\/ca\/wp-json\/wp\/v2\/types\/page"}],"author":[{"embeddable":true,"href":"https:\/\/www.implantdentalbadalona.com\/ca\/wp-json\/wp\/v2\/users\/1"}],"replies":[{"embeddable":true,"href":"https:\/\/www.implantdentalbadalona.com\/ca\/wp-json\/wp\/v2\/comments?post=472"}],"version-history":[{"count":0,"href":"https:\/\/www.implantdentalbadalona.com\/ca\/wp-json\/wp\/v2\/pages\/472\/revisions"}],"wp:attachment":[{"href":"https:\/\/www.implantdentalbadalona.com\/ca\/wp-json\/wp\/v2\/media?parent=472"}],"curies":[{"name":"wp","href":"https:\/\/api.w.org\/{rel}","templated":true}]}}