{"id":474,"date":"2020-08-24T14:23:11","date_gmt":"2020-08-24T14:23:11","guid":{"rendered":"https:\/\/www.implantdentalbadalona.com\/protocol-covid-19\/"},"modified":"2020-09-02T10:19:12","modified_gmt":"2020-09-02T10:19:12","slug":"protocol-covid-19","status":"publish","type":"page","link":"https:\/\/www.implantdentalbadalona.com\/ca\/protocol-covid-19\/","title":{"rendered":"Protocol Covid-19"},"content":{"rendered":"\t\t<div data-elementor-type=\"wp-page\" data-elementor-id=\"474\" class=\"elementor elementor-474 elementor-247\" data-elementor-post-type=\"page\">\n\t\t\t\t\t\t<section class=\"elementor-section elementor-top-section elementor-element elementor-element-c631974 elementor-section-stretched elementor-section-boxed elementor-section-height-default elementor-section-height-default\" data-id=\"c631974\" data-element_type=\"section\" data-settings=\"{&quot;stretch_section&quot;:&quot;section-stretched&quot;}\">\n\t\t\t\t\t\t\t<div class=\"elementor-background-overlay\"><\/div>\n\t\t\t\t\t\t\t<div class=\"elementor-container elementor-column-gap-default\">\n\t\t\t\t\t<div class=\"elementor-column elementor-col-100 elementor-top-column elementor-element elementor-element-f64f59d\" data-id=\"f64f59d\" data-element_type=\"column\">\n\t\t\t<div class=\"elementor-widget-wrap\">\n\t\t\t\t\t\t\t<\/div>\n\t\t<\/div>\n\t\t\t\t\t<\/div>\n\t\t<\/section>\n\t\t\t\t<section class=\"elementor-section elementor-top-section elementor-element elementor-element-3b649ee elementor-section-full_width elementor-section-height-default elementor-section-height-default\" data-id=\"3b649ee\" data-element_type=\"section\" data-settings=\"{&quot;background_background&quot;:&quot;classic&quot;}\">\n\t\t\t\t\t\t<div class=\"elementor-container elementor-column-gap-default\">\n\t\t\t\t\t<div class=\"elementor-column elementor-col-100 elementor-top-column elementor-element elementor-element-58b0060\" data-id=\"58b0060\" data-element_type=\"column\" data-settings=\"{&quot;background_background&quot;:&quot;classic&quot;}\">\n\t\t\t<div class=\"elementor-widget-wrap elementor-element-populated\">\n\t\t\t\t\t\t<div class=\"elementor-element elementor-element-420c444 elementor-widget elementor-widget-heading\" data-id=\"420c444\" data-element_type=\"widget\" data-widget_type=\"heading.default\">\n\t\t\t\t<div class=\"elementor-widget-container\">\n\t\t\t<h1 class=\"elementor-heading-title elementor-size-large\">Protocol COVID-19<\/h1>\t\t<\/div>\n\t\t\t\t<\/div>\n\t\t\t\t<div class=\"elementor-element elementor-element-9fe2370 elementor-widget elementor-widget-text-editor\" data-id=\"9fe2370\" data-element_type=\"widget\" data-widget_type=\"text-editor.default\">\n\t\t\t\t<div class=\"elementor-widget-container\">\n\t\t\t\t\t\t\t<p>La recent pand\u00e8mia de l&#8217;COVID-19 ens fa ser exageradament rigorosos en l&#8217;aplicaci\u00f3 dels protocols de seguretat dictats pel Ministeri de Sanitat, Consell General de Dentistes i COEC Institut oficial de Dentistes de Catalunya.<\/p>\n<p>A Centre Dental Trafalgar l&#8217;objectiu \u00e9s vetllar per la seguretat dels nostres pacients i el nostre personal en tot moment. Tots els serveis que realitzem en el nostre centre ofereixen totes les garanties de seguretat amb el nostre certificat de &#8220;Cl\u00ednica dental segura&#8221;.<\/p>\n\t\t\t\t\t\t<\/div>\n\t\t\t\t<\/div>\n\t\t\t\t\t<\/div>\n\t\t<\/div>\n\t\t\t\t\t<\/div>\n\t\t<\/section>\n\t\t\t\t<section class=\"elementor-section elementor-top-section elementor-element elementor-element-f2b8904 elementor-section-boxed elementor-section-height-default elementor-section-height-default\" data-id=\"f2b8904\" data-element_type=\"section\">\n\t\t\t\t\t\t<div class=\"elementor-container elementor-column-gap-default\">\n\t\t\t\t\t<div class=\"elementor-column elementor-col-100 elementor-top-column elementor-element elementor-element-7babd20\" data-id=\"7babd20\" data-element_type=\"column\">\n\t\t\t<div class=\"elementor-widget-wrap elementor-element-populated\">\n\t\t\t\t\t\t<div class=\"elementor-element elementor-element-31466d7 elementor-widget elementor-widget-text-editor\" data-id=\"31466d7\" data-element_type=\"widget\" data-widget_type=\"text-editor.default\">\n\t\t\t\t<div class=\"elementor-widget-container\">\n\t\t\t\t\t\t\t<p>Mesures de seguretat en Cl\u00ednica Trafalgar<\/p>\n\t\t\t\t\t\t<\/div>\n\t\t\t\t<\/div>\n\t\t\t\t\t<\/div>\n\t\t<\/div>\n\t\t\t\t\t<\/div>\n\t\t<\/section>\n\t\t\t\t<section class=\"elementor-section elementor-top-section elementor-element elementor-element-5461bc86 elementor-section-full_width elementor-section-height-default elementor-section-height-default\" data-id=\"5461bc86\" data-element_type=\"section\" data-settings=\"{&quot;background_background&quot;:&quot;classic&quot;}\">\n\t\t\t\t\t\t<div class=\"elementor-container elementor-column-gap-default\">\n\t\t\t\t\t<div class=\"elementor-column elementor-col-100 elementor-top-column elementor-element elementor-element-46396e39\" data-id=\"46396e39\" data-element_type=\"column\" data-settings=\"{&quot;background_background&quot;:&quot;classic&quot;}\">\n\t\t\t<div class=\"elementor-widget-wrap elementor-element-populated\">\n\t\t\t\t\t\t<div class=\"elementor-element elementor-element-4dc569e elementor-widget elementor-widget-heading\" data-id=\"4dc569e\" data-element_type=\"widget\" data-widget_type=\"heading.default\">\n\t\t\t\t<div class=\"elementor-widget-container\">\n\t\t\t<h2 class=\"elementor-heading-title elementor-size-large\">Entrada Personal a la Cl\u00ednica<\/h2>\t\t<\/div>\n\t\t\t\t<\/div>\n\t\t\t\t<div class=\"elementor-element elementor-element-68d7d1d9 elementor-widget-divider--view-line elementor-widget elementor-widget-divider\" data-id=\"68d7d1d9\" data-element_type=\"widget\" data-widget_type=\"divider.default\">\n\t\t\t\t<div class=\"elementor-widget-container\">\n\t\t\t\t\t<div class=\"elementor-divider\">\n\t\t\t<span class=\"elementor-divider-separator\">\n\t\t\t\t\t\t<\/span>\n\t\t<\/div>\n\t\t\t\t<\/div>\n\t\t\t\t<\/div>\n\t\t\t\t<div class=\"elementor-element elementor-element-6aca9320 elementor-widget elementor-widget-text-editor\" data-id=\"6aca9320\" data-element_type=\"widget\" data-widget_type=\"text-editor.default\">\n\t\t\t\t<div class=\"elementor-widget-container\">\n\t\t\t\t\t\t\t<p>A l&#8217;igual que els pacients, ens ruixarem roba i soles de les sabates amb \u00e0cid hipoclor\u00f3s per despr\u00e9s assecar-los en l&#8217;estora i ens rentarem o desinfectarem les mans a l&#8217;entrar.<\/p>\n<p>S&#8217;haur\u00e0 de fer triatge de les visites per tel\u00e8fon. En el moment de programar i confirmar la cita preguntarem expressament si han tingut febre o s\u00edmptomes i els demanarem que vinguin sols si \u00e9s possible, a excepci\u00f3 de menors d&#8217;edat, persones grans o amb problemes de mobilitat. Se li avisar\u00e0 que l&#8217;acompanyant no podr\u00e0 passejar per la cl\u00ednica sense autoritzaci\u00f3 pr\u00e8via i haur\u00e0 de portar sempre la m\u00e0scara de protecci\u00f3.<\/p>\n<p>Programarem les visites perqu\u00e8 coincideixin m\u00e0xim les persones corresponents a 2 visites a la sala d&#8217;espera. Cada un en un extrem.<\/p>\n\t\t\t\t\t\t<\/div>\n\t\t\t\t<\/div>\n\t\t\t\t\t<\/div>\n\t\t<\/div>\n\t\t\t\t\t<\/div>\n\t\t<\/section>\n\t\t\t\t<section class=\"elementor-section elementor-top-section elementor-element elementor-element-2abbd46 elementor-section-full_width elementor-reverse-mobile elementor-section-height-default elementor-section-height-default\" data-id=\"2abbd46\" data-element_type=\"section\" data-settings=\"{&quot;background_background&quot;:&quot;none&quot;}\">\n\t\t\t\t\t\t<div class=\"elementor-container elementor-column-gap-default\">\n\t\t\t\t\t<div class=\"elementor-column elementor-col-100 elementor-top-column elementor-element elementor-element-376d3fcc\" data-id=\"376d3fcc\" data-element_type=\"column\" data-settings=\"{&quot;background_background&quot;:&quot;classic&quot;}\">\n\t\t\t<div class=\"elementor-widget-wrap elementor-element-populated\">\n\t\t\t\t\t\t<div class=\"elementor-element elementor-element-4756d5cc elementor-widget elementor-widget-heading\" data-id=\"4756d5cc\" data-element_type=\"widget\" data-widget_type=\"heading.default\">\n\t\t\t\t<div class=\"elementor-widget-container\">\n\t\t\t<h2 class=\"elementor-heading-title elementor-size-large\">Recepci\u00f3 dels Pacients<\/h2>\t\t<\/div>\n\t\t\t\t<\/div>\n\t\t\t\t<div class=\"elementor-element elementor-element-60752d5d elementor-widget-divider--view-line elementor-widget elementor-widget-divider\" data-id=\"60752d5d\" data-element_type=\"widget\" data-widget_type=\"divider.default\">\n\t\t\t\t<div class=\"elementor-widget-container\">\n\t\t\t\t\t<div class=\"elementor-divider\">\n\t\t\t<span class=\"elementor-divider-separator\">\n\t\t\t\t\t\t<\/span>\n\t\t<\/div>\n\t\t\t\t<\/div>\n\t\t\t\t<\/div>\n\t\t\t\t<div class=\"elementor-element elementor-element-3e22b8a elementor-widget elementor-widget-text-editor\" data-id=\"3e22b8a\" data-element_type=\"widget\" data-widget_type=\"text-editor.default\">\n\t\t\t\t<div class=\"elementor-widget-container\">\n\t\t\t\t\t\t\t<p>S&#8217;ha dotat d&#8217;una mampara protectora per a la recepcionista, per\u00f2, sempre rebr\u00e0 els pacients amb mascareta i respectant la dist\u00e0ncia de seguretat.<\/p>\n<p>A l&#8217;entrada de l&#8217;pacient, en l&#8217;\u00e0rea de vest\u00edbul, <strong>s&#8217;han de fer 5 coses:<\/strong><\/p>\n<ol>\n<li>Prendre temperatura. El pacient es podr\u00e0 atendre si la temperatura \u00e9s igual o menor a 37,3\u00ba.<\/li>\n<li>Ruixar-los amb el polvoritzador amb l\u00edquid desinfectant d&#8217;\u00e0cid hipoclor\u00f3s (no t\u00f2xic i no fa malb\u00e9 la roba de l&#8217;pacient)<\/li>\n<li>Ruixar i amarar la sola de les sabates amb el mateix l\u00edquid i passar-lo a l&#8217;estoreta per al seu posterior assecat.<\/li>\n<li>Dotar el pacient d&#8217;una safata perqu\u00e8 col\u00b7loqui les seves pertinences (bossa, m\u00f2bil, claus) i avisar que tingui el menor contacte possible amb ells dins de la cl\u00ednica.<\/li>\n<li>Desinfectar-se les mans amb soluci\u00f3 hidroalcoh\u00f2lica.<\/li>\n<li>Finalment, donar a el pacient el q\u00fcestionari de triatge COVID, informaci\u00f3 m\u00e8dica i consentiments necessaris perqu\u00e8 els respongui a la sala d&#8217;espera.<\/li>\n<\/ol>\n\t\t\t\t\t\t<\/div>\n\t\t\t\t<\/div>\n\t\t\t\t\t<\/div>\n\t\t<\/div>\n\t\t\t\t\t<\/div>\n\t\t<\/section>\n\t\t\t\t<section class=\"elementor-section elementor-top-section elementor-element elementor-element-3984c8b elementor-section-full_width elementor-section-height-default elementor-section-height-default\" data-id=\"3984c8b\" data-element_type=\"section\" data-settings=\"{&quot;background_background&quot;:&quot;classic&quot;}\">\n\t\t\t\t\t\t<div class=\"elementor-container elementor-column-gap-default\">\n\t\t\t\t\t<div class=\"elementor-column elementor-col-100 elementor-top-column elementor-element elementor-element-1d31d6e\" data-id=\"1d31d6e\" data-element_type=\"column\" data-settings=\"{&quot;background_background&quot;:&quot;classic&quot;}\">\n\t\t\t<div class=\"elementor-widget-wrap elementor-element-populated\">\n\t\t\t\t\t\t<div class=\"elementor-element elementor-element-926cc2a elementor-widget elementor-widget-heading\" data-id=\"926cc2a\" data-element_type=\"widget\" data-widget_type=\"heading.default\">\n\t\t\t\t<div class=\"elementor-widget-container\">\n\t\t\t<h2 class=\"elementor-heading-title elementor-size-large\">Visita als pacients<\/h2>\t\t<\/div>\n\t\t\t\t<\/div>\n\t\t\t\t<div class=\"elementor-element elementor-element-8500341 elementor-widget-divider--view-line elementor-widget elementor-widget-divider\" data-id=\"8500341\" data-element_type=\"widget\" data-widget_type=\"divider.default\">\n\t\t\t\t<div class=\"elementor-widget-container\">\n\t\t\t\t\t<div class=\"elementor-divider\">\n\t\t\t<span class=\"elementor-divider-separator\">\n\t\t\t\t\t\t<\/span>\n\t\t<\/div>\n\t\t\t\t<\/div>\n\t\t\t\t<\/div>\n\t\t\t\t<div class=\"elementor-element elementor-element-b0ee354 elementor-widget elementor-widget-text-editor\" data-id=\"b0ee354\" data-element_type=\"widget\" data-widget_type=\"text-editor.default\">\n\t\t\t\t<div class=\"elementor-widget-container\">\n\t\t\t\t\t\t\t<p>Passaran sols a l&#8217;gabinet sempre que sigui possible, amb mascareta posada que es podr\u00e0 treure quan hagi explicat a l&#8217;odont\u00f2leg seu motiu de consulta, per despr\u00e9s esbandir amb soluci\u00f3 desinfectant oral durant diversos segons.<\/p>\n<p>Tots els operaris que estiguin en el gabinet durant el tractament portarem:<\/p>\n<p>Bata hidr\u00f2fuga; mascareta FFp2y mascareta quir\u00fargica, pantalla facial i guants.<\/p>\n<p>A l&#8217;acabar el tractament ens desfem de l&#8217;material d&#8217;un sol \u00fas, ens retirarem la bata hidr\u00f2fuga i ruixarem amb soluci\u00f3 desinfectant d&#8217;\u00e0cid hipoclor\u00f3s, desinfectarem la pantalla facial, i ens rentarem les mans. La auxiliar \u00e9s l&#8217;encarregada de desinfectar les zones de treball (instrumental, fogons, tiradors, butaca dental, aparell de rx, ordinador etc.) i finalment ha de ruixar el gabinet (ambient) amb \u00e0cid hipoclor\u00f3s i assecar les superf\u00edcies.<\/p>\n<p>Alternarem les VISITES PERQU\u00c8 CADA PACIENT ES VISITI EN UN GABINET DIFERENT i donem temps a l&#8217;acci\u00f3 desinfectant de l&#8217;ambient.<\/p>\n<p>Sempre que sigui possible es quedar\u00e0 una auxiliar a recepci\u00f3 encarregada de rebre i realitzar el protocol de recepci\u00f3, aix\u00ed com d&#8217;acomiadar el pacient i una altra auxiliar que s&#8217;encarregar\u00e0 dels protocols de box.<\/p>\n<p>Si en alguna franja hor\u00e0ria coincideixen 2 doctors, la programaci\u00f3 de visites tindr\u00e0 en compte el temps extra necessari per realitzar aquest proc\u00e9s.<\/p>\n\t\t\t\t\t\t<\/div>\n\t\t\t\t<\/div>\n\t\t\t\t\t<\/div>\n\t\t<\/div>\n\t\t\t\t\t<\/div>\n\t\t<\/section>\n\t\t\t\t<section class=\"elementor-section elementor-top-section elementor-element elementor-element-a140ef9 elementor-section-full_width elementor-reverse-mobile elementor-section-height-default elementor-section-height-default\" data-id=\"a140ef9\" data-element_type=\"section\" data-settings=\"{&quot;background_background&quot;:&quot;none&quot;}\">\n\t\t\t\t\t\t<div class=\"elementor-container elementor-column-gap-default\">\n\t\t\t\t\t<div class=\"elementor-column elementor-col-100 elementor-top-column elementor-element elementor-element-fdea54b\" data-id=\"fdea54b\" data-element_type=\"column\" data-settings=\"{&quot;background_background&quot;:&quot;classic&quot;}\">\n\t\t\t<div class=\"elementor-widget-wrap elementor-element-populated\">\n\t\t\t\t\t\t<div class=\"elementor-element elementor-element-ca952d2 elementor-widget elementor-widget-heading\" data-id=\"ca952d2\" data-element_type=\"widget\" data-widget_type=\"heading.default\">\n\t\t\t\t<div class=\"elementor-widget-container\">\n\t\t\t<h2 class=\"elementor-heading-title elementor-size-large\">Despedida del Pacient<\/h2>\t\t<\/div>\n\t\t\t\t<\/div>\n\t\t\t\t<div class=\"elementor-element elementor-element-d36e9fc elementor-widget-divider--view-line elementor-widget elementor-widget-divider\" data-id=\"d36e9fc\" data-element_type=\"widget\" data-widget_type=\"divider.default\">\n\t\t\t\t<div class=\"elementor-widget-container\">\n\t\t\t\t\t<div class=\"elementor-divider\">\n\t\t\t<span class=\"elementor-divider-separator\">\n\t\t\t\t\t\t<\/span>\n\t\t<\/div>\n\t\t\t\t<\/div>\n\t\t\t\t<\/div>\n\t\t\t\t<div class=\"elementor-element elementor-element-8056233 elementor-widget elementor-widget-text-editor\" data-id=\"8056233\" data-element_type=\"widget\" data-widget_type=\"text-editor.default\">\n\t\t\t\t<div class=\"elementor-widget-container\">\n\t\t\t\t\t\t\t<p>Les mampares que hem instal\u00b7lat permeten que el pacient pagui en efectiu o met\u00e0l\u00b7lic a trav\u00e9s d&#8217;una obertura sobre el taulell. La recepcionista facilitar\u00e0 el dat\u00e0fon o proporcionar\u00e0 el canvi a trav\u00e9s d&#8217;aquesta obertura i s&#8217;encarregar\u00e0 de tenir en recepci\u00f3 paper industrial i l\u00edquid desinfectant per passar-ho per les superf\u00edcies i dat\u00e0fon.<\/p>\n<p>La recepcionista s&#8217;encarregar\u00e0 de la desinfecci\u00f3 de picaportes i zones que van poder ser tocades pel pacient a la sala d&#8217;espera.<\/p>\n\t\t\t\t\t\t<\/div>\n\t\t\t\t<\/div>\n\t\t\t\t\t<\/div>\n\t\t<\/div>\n\t\t\t\t\t<\/div>\n\t\t<\/section>\n\t\t\t\t<\/div>\n\t\t","protected":false},"excerpt":{"rendered":"<p>Protocol COVID-19 La recent pand\u00e8mia de l&#8217;COVID-19 ens fa ser exageradament rigorosos en l&#8217;aplicaci\u00f3 dels protocols de seguretat dictats pel Ministeri de Sanitat, Consell General de Dentistes i COEC Institut oficial de Dentistes de Catalunya. A Centre Dental Trafalgar l&#8217;objectiu \u00e9s vetllar per la seguretat dels nostres pacients i el nostre personal en tot moment. &#8230; <a title=\"Protocol Covid-19\" class=\"read-more\" href=\"https:\/\/www.implantdentalbadalona.com\/ca\/protocol-covid-19\/\" aria-label=\"M\u00e9s informaci\u00f3 sobre Protocol Covid-19\">Read more<\/a><\/p>\n","protected":false},"author":1,"featured_media":0,"parent":0,"menu_order":0,"comment_status":"closed","ping_status":"closed","template":"","meta":{"_seopress_robots_primary_cat":"","_seopress_titles_title":"","_seopress_titles_desc":"","_seopress_robots_index":"","footnotes":""},"class_list":["post-474","page","type-page","status-publish"],"_links":{"self":[{"href":"https:\/\/www.implantdentalbadalona.com\/ca\/wp-json\/wp\/v2\/pages\/474"}],"collection":[{"href":"https:\/\/www.implantdentalbadalona.com\/ca\/wp-json\/wp\/v2\/pages"}],"about":[{"href":"https:\/\/www.implantdentalbadalona.com\/ca\/wp-json\/wp\/v2\/types\/page"}],"author":[{"embeddable":true,"href":"https:\/\/www.implantdentalbadalona.com\/ca\/wp-json\/wp\/v2\/users\/1"}],"replies":[{"embeddable":true,"href":"https:\/\/www.implantdentalbadalona.com\/ca\/wp-json\/wp\/v2\/comments?post=474"}],"version-history":[{"count":0,"href":"https:\/\/www.implantdentalbadalona.com\/ca\/wp-json\/wp\/v2\/pages\/474\/revisions"}],"wp:attachment":[{"href":"https:\/\/www.implantdentalbadalona.com\/ca\/wp-json\/wp\/v2\/media?parent=474"}],"curies":[{"name":"wp","href":"https:\/\/api.w.org\/{rel}","templated":true}]}}