{"id":755,"date":"2020-09-09T14:13:12","date_gmt":"2020-09-09T14:13:12","guid":{"rendered":"https:\/\/www.implantdentalbadalona.com\/instal%c2%b7lacions\/"},"modified":"2020-09-14T10:01:48","modified_gmt":"2020-09-14T10:01:48","slug":"instal%c2%b7lacions","status":"publish","type":"page","link":"https:\/\/www.implantdentalbadalona.com\/ca\/instal%c2%b7lacions\/","title":{"rendered":"INSTAL\u00b7LACIONS"},"content":{"rendered":"\t\t<div data-elementor-type=\"wp-page\" data-elementor-id=\"755\" class=\"elementor elementor-755 elementor-727\" data-elementor-post-type=\"page\">\n\t\t\t\t\t\t<section class=\"elementor-section elementor-top-section elementor-element elementor-element-f925d49 elementor-section-full_width elementor-section-stretched elementor-section-height-default elementor-section-height-default\" data-id=\"f925d49\" data-element_type=\"section\" data-settings=\"{&quot;stretch_section&quot;:&quot;section-stretched&quot;}\">\n\t\t\t\t\t\t\t<div class=\"elementor-background-overlay\"><\/div>\n\t\t\t\t\t\t\t<div class=\"elementor-container elementor-column-gap-default\">\n\t\t\t\t\t<div class=\"elementor-column elementor-col-100 elementor-top-column elementor-element elementor-element-9d25405\" data-id=\"9d25405\" data-element_type=\"column\">\n\t\t\t<div class=\"elementor-widget-wrap\">\n\t\t\t\t\t\t\t<\/div>\n\t\t<\/div>\n\t\t\t\t\t<\/div>\n\t\t<\/section>\n\t\t\t\t<section class=\"elementor-section elementor-top-section elementor-element elementor-element-c110c7e elementor-section-boxed elementor-section-height-default elementor-section-height-default\" data-id=\"c110c7e\" data-element_type=\"section\">\n\t\t\t\t\t\t<div class=\"elementor-container elementor-column-gap-default\">\n\t\t\t\t\t<div class=\"elementor-column elementor-col-100 elementor-top-column elementor-element elementor-element-830b667\" data-id=\"830b667\" data-element_type=\"column\">\n\t\t\t<div class=\"elementor-widget-wrap elementor-element-populated\">\n\t\t\t\t\t\t<div class=\"elementor-element elementor-element-94d081a elementor-widget elementor-widget-heading\" data-id=\"94d081a\" data-element_type=\"widget\" data-settings=\"{&quot;motion_fx_motion_fx_scrolling&quot;:&quot;yes&quot;,&quot;motion_fx_translateY_effect&quot;:&quot;yes&quot;,&quot;motion_fx_translateY_speed&quot;:{&quot;unit&quot;:&quot;px&quot;,&quot;size&quot;:&quot;0.5&quot;,&quot;sizes&quot;:[]},&quot;motion_fx_translateY_affectedRange&quot;:{&quot;unit&quot;:&quot;%&quot;,&quot;size&quot;:&quot;&quot;,&quot;sizes&quot;:{&quot;start&quot;:&quot;0&quot;,&quot;end&quot;:&quot;50&quot;}},&quot;motion_fx_opacity_effect&quot;:&quot;yes&quot;,&quot;motion_fx_opacity_range&quot;:{&quot;unit&quot;:&quot;%&quot;,&quot;size&quot;:&quot;&quot;,&quot;sizes&quot;:{&quot;start&quot;:&quot;0&quot;,&quot;end&quot;:&quot;50&quot;}},&quot;motion_fx_devices&quot;:[&quot;desktop&quot;,&quot;mobile&quot;],&quot;motion_fx_opacity_direction&quot;:&quot;out-in&quot;,&quot;motion_fx_opacity_level&quot;:{&quot;unit&quot;:&quot;px&quot;,&quot;size&quot;:10,&quot;sizes&quot;:[]}}\" data-widget_type=\"heading.default\">\n\t\t\t\t<div class=\"elementor-widget-container\">\n\t\t\t<h2 class=\"elementor-heading-title elementor-size-default\">INSTAL\u00b7LACIONS<\/h2>\t\t<\/div>\n\t\t\t\t<\/div>\n\t\t\t\t<div class=\"elementor-element elementor-element-9e60c2a elementor-widget elementor-widget-text-editor\" data-id=\"9e60c2a\" data-element_type=\"widget\" data-widget_type=\"text-editor.default\">\n\t\t\t\t<div class=\"elementor-widget-container\">\n\t\t\t\t\t\t\t<p>La nostra Cl\u00ednica ocupa 100 m2, repartits en una \u00fanica planta amb acc\u00e9s per a discapacitats. Cl\u00ednica Dental Trafalfar a Badalona est\u00e0 dotada de modernes instal\u00b7lacions i mitjans t\u00e8cnics per poder desenvolupar el nostre treball en les millors condicions. Sabem que venir a el dentista no \u00e9s de l&#8217;agrado de molts aix\u00ed que intentem que la teva estada a la nostra Cl\u00ednica Dental a Badalona sigui el m\u00e9s gratificant possible.<\/p>\n<p>Tenim una extensa recepci\u00f3 situada a l&#8217;entrada de la cl\u00ednica, on el nostre equip et va a donar la benvinguda com mereixes.<br \/>\nEls nostres boxes estan absolutament preparats per efectuar tractaments odontol\u00f2gics complets.<\/p>\n\t\t\t\t\t\t<\/div>\n\t\t\t\t<\/div>\n\t\t\t\t\t<\/div>\n\t\t<\/div>\n\t\t\t\t\t<\/div>\n\t\t<\/section>\n\t\t\t\t<section class=\"elementor-section elementor-top-section elementor-element elementor-element-6be46e5 elementor-section-boxed elementor-section-height-default elementor-section-height-default\" data-id=\"6be46e5\" data-element_type=\"section\">\n\t\t\t\t\t\t<div class=\"elementor-container elementor-column-gap-default\">\n\t\t\t\t\t<div class=\"elementor-column elementor-col-100 elementor-top-column elementor-element elementor-element-838f708\" data-id=\"838f708\" data-element_type=\"column\">\n\t\t\t<div class=\"elementor-widget-wrap elementor-element-populated\">\n\t\t\t\t\t\t<div class=\"elementor-element elementor-element-58175a0 elementor-widget elementor-widget-gallery\" data-id=\"58175a0\" data-element_type=\"widget\" data-settings=\"{&quot;columns&quot;:3,&quot;lazyload&quot;:&quot;yes&quot;,&quot;gallery_layout&quot;:&quot;grid&quot;,&quot;columns_tablet&quot;:2,&quot;columns_mobile&quot;:1,&quot;gap&quot;:{&quot;unit&quot;:&quot;px&quot;,&quot;size&quot;:10,&quot;sizes&quot;:[]},&quot;gap_tablet&quot;:{&quot;unit&quot;:&quot;px&quot;,&quot;size&quot;:10,&quot;sizes&quot;:[]},&quot;gap_mobile&quot;:{&quot;unit&quot;:&quot;px&quot;,&quot;size&quot;:10,&quot;sizes&quot;:[]},&quot;link_to&quot;:&quot;file&quot;,&quot;aspect_ratio&quot;:&quot;3:2&quot;,&quot;overlay_background&quot;:&quot;yes&quot;,&quot;content_hover_animation&quot;:&quot;fade-in&quot;}\" data-widget_type=\"gallery.default\">\n\t\t\t\t<div class=\"elementor-widget-container\">\n\t\t\t\t\t<div class=\"elementor-gallery__container\">\n\t\t\t\t\t\t\t<a class=\"e-gallery-item elementor-gallery-item elementor-animated-content\" href=\"https:\/\/www.implantdentalbadalona.com\/wp-content\/uploads\/2020\/09\/box-clinica-dental-badalona.jpg\" data-elementor-open-lightbox=\"yes\" data-elementor-lightbox-slideshow=\"58175a0\" data-elementor-lightbox-title=\"Box Clinica Dental Badalona\" data-e-action-hash=\"#elementor-action%3Aaction%3Dlightbox%26settings%3DeyJpZCI6NjgwLCJ1cmwiOiJodHRwczpcL1wvd3d3LmltcGxhbnRkZW50YWxiYWRhbG9uYS5jb21cL3dwLWNvbnRlbnRcL3VwbG9hZHNcLzIwMjBcLzA5XC9ib3gtY2xpbmljYS1kZW50YWwtYmFkYWxvbmEuanBnIiwic2xpZGVzaG93IjoiNTgxNzVhMCJ9\">\n\t\t\t\t\t<div class=\"e-gallery-image elementor-gallery-item__image\" data-thumbnail=\"https:\/\/www.implantdentalbadalona.com\/wp-content\/uploads\/2020\/09\/box-clinica-dental-badalona-300x198.jpg\" data-width=\"300\" data-height=\"198\" aria-label=\"Box Clinica Dental Badalona\" role=\"img\" ><\/div>\n\t\t\t\t\t\t\t\t\t\t\t<div class=\"elementor-gallery-item__overlay\"><\/div>\n\t\t\t\t\t\t\t\t\t\t\t\t\t\t<\/a>\n\t\t\t\t\t\t\t<a class=\"e-gallery-item elementor-gallery-item elementor-animated-content\" href=\"https:\/\/www.implantdentalbadalona.com\/wp-content\/uploads\/2020\/09\/box-clinica-trafalgar-scaled.jpg\" data-elementor-open-lightbox=\"yes\" data-elementor-lightbox-slideshow=\"58175a0\" data-elementor-lightbox-title=\"Box Clinica Trafalgar\" data-e-action-hash=\"#elementor-action%3Aaction%3Dlightbox%26settings%3DeyJpZCI6NjgyLCJ1cmwiOiJodHRwczpcL1wvd3d3LmltcGxhbnRkZW50YWxiYWRhbG9uYS5jb21cL3dwLWNvbnRlbnRcL3VwbG9hZHNcLzIwMjBcLzA5XC9ib3gtY2xpbmljYS10cmFmYWxnYXItc2NhbGVkLmpwZyIsInNsaWRlc2hvdyI6IjU4MTc1YTAifQ%3D%3D\">\n\t\t\t\t\t<div class=\"e-gallery-image elementor-gallery-item__image\" data-thumbnail=\"https:\/\/www.implantdentalbadalona.com\/wp-content\/uploads\/2020\/09\/box-clinica-trafalgar-300x200.jpg\" data-width=\"300\" data-height=\"200\" aria-label=\"Box Clinica Trafalgar\" role=\"img\" ><\/div>\n\t\t\t\t\t\t\t\t\t\t\t<div class=\"elementor-gallery-item__overlay\"><\/div>\n\t\t\t\t\t\t\t\t\t\t\t\t\t\t<\/a>\n\t\t\t\t\t\t\t<a class=\"e-gallery-item elementor-gallery-item elementor-animated-content\" href=\"https:\/\/www.implantdentalbadalona.com\/wp-content\/uploads\/2020\/09\/camilla-clinica-dental-scaled.jpg\" data-elementor-open-lightbox=\"yes\" data-elementor-lightbox-slideshow=\"58175a0\" data-elementor-lightbox-title=\"Sill\u00f3n Dental\" data-e-action-hash=\"#elementor-action%3Aaction%3Dlightbox%26settings%3DeyJpZCI6Njg0LCJ1cmwiOiJodHRwczpcL1wvd3d3LmltcGxhbnRkZW50YWxiYWRhbG9uYS5jb21cL3dwLWNvbnRlbnRcL3VwbG9hZHNcLzIwMjBcLzA5XC9jYW1pbGxhLWNsaW5pY2EtZGVudGFsLXNjYWxlZC5qcGciLCJzbGlkZXNob3ciOiI1ODE3NWEwIn0%3D\">\n\t\t\t\t\t<div class=\"e-gallery-image elementor-gallery-item__image\" data-thumbnail=\"https:\/\/www.implantdentalbadalona.com\/wp-content\/uploads\/2020\/09\/camilla-clinica-dental-300x200.jpg\" data-width=\"300\" data-height=\"200\" aria-label=\"Sill\u00f3n Dental\" role=\"img\" ><\/div>\n\t\t\t\t\t\t\t\t\t\t\t<div class=\"elementor-gallery-item__overlay\"><\/div>\n\t\t\t\t\t\t\t\t\t\t\t\t\t\t<\/a>\n\t\t\t\t\t\t\t<a class=\"e-gallery-item elementor-gallery-item elementor-animated-content\" href=\"https:\/\/www.implantdentalbadalona.com\/wp-content\/uploads\/2020\/09\/clinica-dental-badalona-scaled.jpg\" data-elementor-open-lightbox=\"yes\" data-elementor-lightbox-slideshow=\"58175a0\" data-elementor-lightbox-title=\"Clinica Dental Badalona\" data-e-action-hash=\"#elementor-action%3Aaction%3Dlightbox%26settings%3DeyJpZCI6Njg2LCJ1cmwiOiJodHRwczpcL1wvd3d3LmltcGxhbnRkZW50YWxiYWRhbG9uYS5jb21cL3dwLWNvbnRlbnRcL3VwbG9hZHNcLzIwMjBcLzA5XC9jbGluaWNhLWRlbnRhbC1iYWRhbG9uYS1zY2FsZWQuanBnIiwic2xpZGVzaG93IjoiNTgxNzVhMCJ9\">\n\t\t\t\t\t<div class=\"e-gallery-image elementor-gallery-item__image\" data-thumbnail=\"https:\/\/www.implantdentalbadalona.com\/wp-content\/uploads\/2020\/09\/clinica-dental-badalona-300x200.jpg\" data-width=\"300\" data-height=\"200\" aria-label=\"Clinica Dental Badalona\" role=\"img\" ><\/div>\n\t\t\t\t\t\t\t\t\t\t\t<div class=\"elementor-gallery-item__overlay\"><\/div>\n\t\t\t\t\t\t\t\t\t\t\t\t\t\t<\/a>\n\t\t\t\t\t\t\t<a class=\"e-gallery-item elementor-gallery-item elementor-animated-content\" href=\"https:\/\/www.implantdentalbadalona.com\/wp-content\/uploads\/2020\/09\/clinica-dental-badalona-desesterilizada.jpg\" data-elementor-open-lightbox=\"yes\" data-elementor-lightbox-slideshow=\"58175a0\" data-elementor-lightbox-title=\"Sala esterilizaci\u00f3n\" data-e-action-hash=\"#elementor-action%3Aaction%3Dlightbox%26settings%3DeyJpZCI6Njg4LCJ1cmwiOiJodHRwczpcL1wvd3d3LmltcGxhbnRkZW50YWxiYWRhbG9uYS5jb21cL3dwLWNvbnRlbnRcL3VwbG9hZHNcLzIwMjBcLzA5XC9jbGluaWNhLWRlbnRhbC1iYWRhbG9uYS1kZXNlc3RlcmlsaXphZGEuanBnIiwic2xpZGVzaG93IjoiNTgxNzVhMCJ9\">\n\t\t\t\t\t<div class=\"e-gallery-image elementor-gallery-item__image\" data-thumbnail=\"https:\/\/www.implantdentalbadalona.com\/wp-content\/uploads\/2020\/09\/clinica-dental-badalona-desesterilizada-300x197.jpg\" data-width=\"300\" data-height=\"197\" aria-label=\"Sala esterilizaci\u00f3n\" role=\"img\" ><\/div>\n\t\t\t\t\t\t\t\t\t\t\t<div class=\"elementor-gallery-item__overlay\"><\/div>\n\t\t\t\t\t\t\t\t\t\t\t\t\t\t<\/a>\n\t\t\t\t\t\t\t<a class=\"e-gallery-item elementor-gallery-item elementor-animated-content\" href=\"https:\/\/www.implantdentalbadalona.com\/wp-content\/uploads\/2020\/09\/clinica-trafalgar.jpg\" data-elementor-open-lightbox=\"yes\" data-elementor-lightbox-slideshow=\"58175a0\" data-elementor-lightbox-title=\"Clinica Trafalgar\" data-e-action-hash=\"#elementor-action%3Aaction%3Dlightbox%26settings%3DeyJpZCI6NjkwLCJ1cmwiOiJodHRwczpcL1wvd3d3LmltcGxhbnRkZW50YWxiYWRhbG9uYS5jb21cL3dwLWNvbnRlbnRcL3VwbG9hZHNcLzIwMjBcLzA5XC9jbGluaWNhLXRyYWZhbGdhci5qcGciLCJzbGlkZXNob3ciOiI1ODE3NWEwIn0%3D\">\n\t\t\t\t\t<div class=\"e-gallery-image elementor-gallery-item__image\" data-thumbnail=\"https:\/\/www.implantdentalbadalona.com\/wp-content\/uploads\/2020\/09\/clinica-trafalgar-300x197.jpg\" data-width=\"300\" data-height=\"197\" aria-label=\"Clinica Trafalgar\" role=\"img\" ><\/div>\n\t\t\t\t\t\t\t\t\t\t\t<div class=\"elementor-gallery-item__overlay\"><\/div>\n\t\t\t\t\t\t\t\t\t\t\t\t\t\t<\/a>\n\t\t\t\t\t\t\t<a class=\"e-gallery-item elementor-gallery-item elementor-animated-content\" href=\"https:\/\/www.implantdentalbadalona.com\/wp-content\/uploads\/2020\/09\/equipo-clinica-dental-trabajando.jpg\" data-elementor-open-lightbox=\"yes\" data-elementor-lightbox-slideshow=\"58175a0\" data-elementor-lightbox-title=\"Equipo Clinica Dental Trabajando\" data-e-action-hash=\"#elementor-action%3Aaction%3Dlightbox%26settings%3DeyJpZCI6NjkyLCJ1cmwiOiJodHRwczpcL1wvd3d3LmltcGxhbnRkZW50YWxiYWRhbG9uYS5jb21cL3dwLWNvbnRlbnRcL3VwbG9hZHNcLzIwMjBcLzA5XC9lcXVpcG8tY2xpbmljYS1kZW50YWwtdHJhYmFqYW5kby5qcGciLCJzbGlkZXNob3ciOiI1ODE3NWEwIn0%3D\">\n\t\t\t\t\t<div class=\"e-gallery-image elementor-gallery-item__image\" data-thumbnail=\"https:\/\/www.implantdentalbadalona.com\/wp-content\/uploads\/2020\/09\/equipo-clinica-dental-trabajando-300x222.jpg\" data-width=\"300\" data-height=\"222\" aria-label=\"Equipo Clinica Dental Trabajando\" role=\"img\" ><\/div>\n\t\t\t\t\t\t\t\t\t\t\t<div class=\"elementor-gallery-item__overlay\"><\/div>\n\t\t\t\t\t\t\t\t\t\t\t\t\t\t<\/a>\n\t\t\t\t\t\t\t<a class=\"e-gallery-item elementor-gallery-item elementor-animated-content\" href=\"https:\/\/www.implantdentalbadalona.com\/wp-content\/uploads\/2020\/09\/recepcion-clinica-trafalgar.jpg\" data-elementor-open-lightbox=\"yes\" data-elementor-lightbox-slideshow=\"58175a0\" data-elementor-lightbox-title=\"Recepcion Clinica Trafalgar\" data-e-action-hash=\"#elementor-action%3Aaction%3Dlightbox%26settings%3DeyJpZCI6Njk0LCJ1cmwiOiJodHRwczpcL1wvd3d3LmltcGxhbnRkZW50YWxiYWRhbG9uYS5jb21cL3dwLWNvbnRlbnRcL3VwbG9hZHNcLzIwMjBcLzA5XC9yZWNlcGNpb24tY2xpbmljYS10cmFmYWxnYXIuanBnIiwic2xpZGVzaG93IjoiNTgxNzVhMCJ9\">\n\t\t\t\t\t<div class=\"e-gallery-image elementor-gallery-item__image\" data-thumbnail=\"https:\/\/www.implantdentalbadalona.com\/wp-content\/uploads\/2020\/09\/recepcion-clinica-trafalgar-300x203.jpg\" data-width=\"300\" data-height=\"203\" aria-label=\"Recepcion Clinica Trafalgar\" role=\"img\" ><\/div>\n\t\t\t\t\t\t\t\t\t\t\t<div class=\"elementor-gallery-item__overlay\"><\/div>\n\t\t\t\t\t\t\t\t\t\t\t\t\t\t<\/a>\n\t\t\t\t\t\t\t<a class=\"e-gallery-item elementor-gallery-item elementor-animated-content\" href=\"https:\/\/www.implantdentalbadalona.com\/wp-content\/uploads\/2020\/09\/sala-de-espera-clinica-dental-badalona.jpg\" data-elementor-open-lightbox=\"yes\" data-elementor-lightbox-slideshow=\"58175a0\" data-elementor-lightbox-title=\"Sala De Espera Clinica Dental Badalona\" data-e-action-hash=\"#elementor-action%3Aaction%3Dlightbox%26settings%3DeyJpZCI6Njk2LCJ1cmwiOiJodHRwczpcL1wvd3d3LmltcGxhbnRkZW50YWxiYWRhbG9uYS5jb21cL3dwLWNvbnRlbnRcL3VwbG9hZHNcLzIwMjBcLzA5XC9zYWxhLWRlLWVzcGVyYS1jbGluaWNhLWRlbnRhbC1iYWRhbG9uYS5qcGciLCJzbGlkZXNob3ciOiI1ODE3NWEwIn0%3D\">\n\t\t\t\t\t<div class=\"e-gallery-image elementor-gallery-item__image\" data-thumbnail=\"https:\/\/www.implantdentalbadalona.com\/wp-content\/uploads\/2020\/09\/sala-de-espera-clinica-dental-badalona-300x210.jpg\" data-width=\"300\" data-height=\"210\" aria-label=\"Sala De Espera Clinica Dental Badalona\" role=\"img\" ><\/div>\n\t\t\t\t\t\t\t\t\t\t\t<div class=\"elementor-gallery-item__overlay\"><\/div>\n\t\t\t\t\t\t\t\t\t\t\t\t\t\t<\/a>\n\t\t\t\t\t<\/div>\n\t\t\t<\/div>\n\t\t\t\t<\/div>\n\t\t\t\t\t<\/div>\n\t\t<\/div>\n\t\t\t\t\t<\/div>\n\t\t<\/section>\n\t\t\t\t<section class=\"elementor-section elementor-top-section elementor-element elementor-element-9a0d278 elementor-section-boxed elementor-section-height-default elementor-section-height-default\" data-id=\"9a0d278\" data-element_type=\"section\" data-settings=\"{&quot;background_background&quot;:&quot;classic&quot;}\">\n\t\t\t\t\t\t<div class=\"elementor-container elementor-column-gap-default\">\n\t\t\t\t\t<div class=\"elementor-column elementor-col-100 elementor-top-column elementor-element elementor-element-8e1d696\" data-id=\"8e1d696\" data-element_type=\"column\">\n\t\t\t<div class=\"elementor-widget-wrap elementor-element-populated\">\n\t\t\t\t\t\t<div class=\"elementor-element elementor-element-83ff852 elementor-widget elementor-widget-text-editor\" data-id=\"83ff852\" data-element_type=\"widget\" data-widget_type=\"text-editor.default\">\n\t\t\t\t<div class=\"elementor-widget-container\">\n\t\t\t\t\t\t\t<p>PROC\u00c9S D&#8217;ESTERILITZACI\u00d3<\/p>\n\t\t\t\t\t\t<\/div>\n\t\t\t\t<\/div>\n\t\t\t\t<div class=\"elementor-element elementor-element-853e071 elementor-widget elementor-widget-text-editor\" data-id=\"853e071\" data-element_type=\"widget\" data-widget_type=\"text-editor.default\">\n\t\t\t\t<div class=\"elementor-widget-container\">\n\t\t\t\t\t\t\t<p>Despr\u00e9s de cada pacient sempre i en tot moment s&#8217;efectua una desinfecci\u00f3 de l&#8217;ambient i de tot l&#8217;equip (butaca, llum, m\u00e0negues, turbines, taules &#8230;) amb productes destinats a aquesta funci\u00f3. Hi ha gran part de material que \u00e9s d&#8217;un sol \u00fas i es rebutja despr\u00e9s d&#8217;atendre cada pacient.<\/p>\n<p>L&#8217;instrumental reutilitzable passa per diversos processos de desinfecci\u00f3 abans de sotmetre&#8217;ls a esterilitzaci\u00f3, primer es renten per suprimir qualsevol resta org\u00e0nica que pogu\u00e9s contenir i despr\u00e9s es desinfecten introduint-los en una cubeta amb un desinfectant qu\u00edmic durant deu minuts. Passat aquest temps s&#8217;aclareix i seca, per introduir-los en bosses d&#8217;esterilitzaci\u00f3 segellades. Finalment, l&#8217;instrumental s&#8217;introdueix en l&#8217;autoclau que a trav\u00e9s d&#8217;unes condicions de pressi\u00f3 a vapor i altes temperatures elimina qualsevol microorganisme que hagu\u00e9s pogut quedar fins al moment.<\/p>\n<p>Aix\u00ed mateix, l&#8217;autoclau tamb\u00e9 se sotmet a controls peri\u00f2dics per comprovar que el proc\u00e9s d&#8217;esterilitzaci\u00f3 \u00e9s absolut. Es realitza mitjan\u00e7ant Indicadors biol\u00f2gics que consisteixen en un tub d&#8217;assaig que cont\u00e9 un preparat d&#8217;espores de bacteris altament resistents a l&#8217;m\u00e8tode d&#8217;esterilitzaci\u00f3 que despr\u00e9s d&#8217;haver estat sotmesos a el proc\u00e9s d&#8217;esterilitzaci\u00f3, s\u00f3n incubats. Despr\u00e9s de el temps d&#8217;incubaci\u00f3, els indicadors biol\u00f2gics s&#8217;observen. Si no hi ha canvis en l&#8217;aparen\u00e7a de el l\u00edquid es valida el proc\u00e9s d&#8217;esterilitzaci\u00f3.<\/p>\n\t\t\t\t\t\t<\/div>\n\t\t\t\t<\/div>\n\t\t\t\t\t<\/div>\n\t\t<\/div>\n\t\t\t\t\t<\/div>\n\t\t<\/section>\n\t\t\t\t<section class=\"elementor-section elementor-top-section elementor-element elementor-element-995411a elementor-section-boxed elementor-section-height-default elementor-section-height-default\" data-id=\"995411a\" data-element_type=\"section\">\n\t\t\t\t\t\t<div class=\"elementor-container elementor-column-gap-default\">\n\t\t\t\t\t<div class=\"elementor-column elementor-col-100 elementor-top-column elementor-element elementor-element-b881554\" data-id=\"b881554\" data-element_type=\"column\">\n\t\t\t<div class=\"elementor-widget-wrap elementor-element-populated\">\n\t\t\t\t\t\t<div class=\"elementor-element elementor-element-5d40721 elementor-widget elementor-widget-spacer\" data-id=\"5d40721\" data-element_type=\"widget\" data-widget_type=\"spacer.default\">\n\t\t\t\t<div class=\"elementor-widget-container\">\n\t\t\t\t\t<div class=\"elementor-spacer\">\n\t\t\t<div class=\"elementor-spacer-inner\"><\/div>\n\t\t<\/div>\n\t\t\t\t<\/div>\n\t\t\t\t<\/div>\n\t\t\t\t<div class=\"elementor-element elementor-element-521ecdd elementor-widget elementor-widget-heading\" data-id=\"521ecdd\" data-element_type=\"widget\" data-settings=\"{&quot;motion_fx_motion_fx_scrolling&quot;:&quot;yes&quot;,&quot;motion_fx_translateY_effect&quot;:&quot;yes&quot;,&quot;motion_fx_translateY_speed&quot;:{&quot;unit&quot;:&quot;px&quot;,&quot;size&quot;:&quot;0.5&quot;,&quot;sizes&quot;:[]},&quot;motion_fx_translateY_affectedRange&quot;:{&quot;unit&quot;:&quot;%&quot;,&quot;size&quot;:&quot;&quot;,&quot;sizes&quot;:{&quot;start&quot;:&quot;0&quot;,&quot;end&quot;:&quot;50&quot;}},&quot;motion_fx_opacity_effect&quot;:&quot;yes&quot;,&quot;motion_fx_opacity_range&quot;:{&quot;unit&quot;:&quot;%&quot;,&quot;size&quot;:&quot;&quot;,&quot;sizes&quot;:{&quot;start&quot;:&quot;0&quot;,&quot;end&quot;:&quot;50&quot;}},&quot;motion_fx_devices&quot;:[&quot;desktop&quot;,&quot;mobile&quot;],&quot;motion_fx_opacity_direction&quot;:&quot;out-in&quot;,&quot;motion_fx_opacity_level&quot;:{&quot;unit&quot;:&quot;px&quot;,&quot;size&quot;:10,&quot;sizes&quot;:[]}}\" data-widget_type=\"heading.default\">\n\t\t\t\t<div class=\"elementor-widget-container\">\n\t\t\t<h2 class=\"elementor-heading-title elementor-size-default\">CENTRE ACREDITAT PER:<\/h2>\t\t<\/div>\n\t\t\t\t<\/div>\n\t\t\t\t\t<\/div>\n\t\t<\/div>\n\t\t\t\t\t<\/div>\n\t\t<\/section>\n\t\t\t\t<section class=\"elementor-section elementor-top-section elementor-element elementor-element-f934e96 elementor-section-boxed elementor-section-height-default elementor-section-height-default\" data-id=\"f934e96\" data-element_type=\"section\">\n\t\t\t\t\t\t<div class=\"elementor-container elementor-column-gap-default\">\n\t\t\t\t\t<div class=\"elementor-column elementor-col-100 elementor-top-column elementor-element elementor-element-cf50524\" data-id=\"cf50524\" data-element_type=\"column\">\n\t\t\t<div class=\"elementor-widget-wrap elementor-element-populated\">\n\t\t\t\t\t\t<div class=\"elementor-element elementor-element-8792ef6 elementor-widget elementor-widget-image\" data-id=\"8792ef6\" data-element_type=\"widget\" data-widget_type=\"image.default\">\n\t\t\t\t<div class=\"elementor-widget-container\">\n\t\t\t\t\t\t\t\t\t\t\t\t\t<img decoding=\"async\" width=\"500\" height=\"74\" src=\"https:\/\/www.implantdentalbadalona.com\/wp-content\/uploads\/2020\/09\/ACREDITACION.jpg\" class=\"attachment-large size-large wp-image-519\" alt=\"Acreditaci\u00f3\" srcset=\"https:\/\/www.implantdentalbadalona.com\/wp-content\/uploads\/2020\/09\/ACREDITACION.jpg 500w, https:\/\/www.implantdentalbadalona.com\/wp-content\/uploads\/2020\/09\/ACREDITACION-300x44.jpg 300w\" sizes=\"(max-width: 500px) 100vw, 500px\" \/>\t\t\t\t\t\t\t\t\t\t\t\t\t<\/div>\n\t\t\t\t<\/div>\n\t\t\t\t\t<\/div>\n\t\t<\/div>\n\t\t\t\t\t<\/div>\n\t\t<\/section>\n\t\t\t\t<\/div>\n\t\t","protected":false},"excerpt":{"rendered":"<p>INSTAL\u00b7LACIONS La nostra Cl\u00ednica ocupa 100 m2, repartits en una \u00fanica planta amb acc\u00e9s per a discapacitats. Cl\u00ednica Dental Trafalfar a Badalona est\u00e0 dotada de modernes instal\u00b7lacions i mitjans t\u00e8cnics per poder desenvolupar el nostre treball en les millors condicions. Sabem que venir a el dentista no \u00e9s de l&#8217;agrado de molts aix\u00ed que intentem &#8230; <a title=\"INSTAL\u00b7LACIONS\" class=\"read-more\" href=\"https:\/\/www.implantdentalbadalona.com\/ca\/instal%c2%b7lacions\/\" aria-label=\"M\u00e9s informaci\u00f3 sobre INSTAL\u00b7LACIONS\">Read more<\/a><\/p>\n","protected":false},"author":1,"featured_media":0,"parent":0,"menu_order":0,"comment_status":"closed","ping_status":"closed","template":"","meta":{"_seopress_robots_primary_cat":"","_seopress_titles_title":"","_seopress_titles_desc":"","_seopress_robots_index":"","footnotes":""},"class_list":["post-755","page","type-page","status-publish"],"_links":{"self":[{"href":"https:\/\/www.implantdentalbadalona.com\/ca\/wp-json\/wp\/v2\/pages\/755"}],"collection":[{"href":"https:\/\/www.implantdentalbadalona.com\/ca\/wp-json\/wp\/v2\/pages"}],"about":[{"href":"https:\/\/www.implantdentalbadalona.com\/ca\/wp-json\/wp\/v2\/types\/page"}],"author":[{"embeddable":true,"href":"https:\/\/www.implantdentalbadalona.com\/ca\/wp-json\/wp\/v2\/users\/1"}],"replies":[{"embeddable":true,"href":"https:\/\/www.implantdentalbadalona.com\/ca\/wp-json\/wp\/v2\/comments?post=755"}],"version-history":[{"count":0,"href":"https:\/\/www.implantdentalbadalona.com\/ca\/wp-json\/wp\/v2\/pages\/755\/revisions"}],"wp:attachment":[{"href":"https:\/\/www.implantdentalbadalona.com\/ca\/wp-json\/wp\/v2\/media?parent=755"}],"curies":[{"name":"wp","href":"https:\/\/api.w.org\/{rel}","templated":true}]}}