{"id":852,"date":"2023-08-02T14:23:00","date_gmt":"2023-08-02T14:23:00","guid":{"rendered":"https:\/\/www.implantdentalbadalona.com\/correu-electronic\/"},"modified":"2023-08-02T14:24:16","modified_gmt":"2023-08-02T14:24:16","slug":"correu-electronic","status":"publish","type":"page","link":"https:\/\/www.implantdentalbadalona.com\/ca\/correu-electronic\/","title":{"rendered":"Correu electr\u00f2nic"},"content":{"rendered":"\t\t<div data-elementor-type=\"wp-page\" data-elementor-id=\"852\" class=\"elementor elementor-852 elementor-796\" data-elementor-post-type=\"page\">\n\t\t\t\t\t\t<section class=\"elementor-section elementor-top-section elementor-element elementor-element-73e6bee elementor-section-boxed elementor-section-height-default elementor-section-height-default\" data-id=\"73e6bee\" data-element_type=\"section\">\n\t\t\t\t\t\t<div class=\"elementor-container elementor-column-gap-default\">\n\t\t\t\t\t<div class=\"elementor-column elementor-col-100 elementor-top-column elementor-element elementor-element-f3de1dc\" data-id=\"f3de1dc\" data-element_type=\"column\">\n\t\t\t<div class=\"elementor-widget-wrap elementor-element-populated\">\n\t\t\t\t\t\t<div class=\"elementor-element elementor-element-6135142 elementor-widget elementor-widget-heading\" data-id=\"6135142\" data-element_type=\"widget\" data-widget_type=\"heading.default\">\n\t\t\t\t<div class=\"elementor-widget-container\">\n\t\t\t<h2 class=\"elementor-heading-title elementor-size-default\">Correu electr\u00f2nic<\/h2>\t\t<\/div>\n\t\t\t\t<\/div>\n\t\t\t\t<div class=\"elementor-element elementor-element-28dd930 elementor-widget elementor-widget-text-editor\" data-id=\"28dd930\" data-element_type=\"widget\" data-widget_type=\"text-editor.default\">\n\t\t\t\t<div class=\"elementor-widget-container\">\n\t\t\t\t\t\t\t<p><strong>AV\u00cdS LEGAL<\/strong>: Aquest missatge i els seus arxius adjunts van dirigits exclusivament al seu destinatari, i poden contenir informaci\u00f3 confidencial sotmesa a secret professional. No n\u2019\u00e9s permesa la comunicaci\u00f3, reproducci\u00f3 o distribuci\u00f3 sense l\u2019autoritzaci\u00f3 expressa de RAUL AYUSO MONTERO. Si no en sou el destinatari final, si us plau, elimineu-lo i informeu- nos-en per aquesta via.<\/p>\n<p><strong>PROTECCI\u00d3 DE DADES<\/strong>: De conformitat amb el que estableix el Reglament (UE) 2016\/679, de 27 d\u2019abril (GDPR), i la Llei Org\u00e0nica 3\/2018, de 5 de desembre (LOPDGDD), l\u2019informem que les dades personals i adre\u00e7a de correu electr\u00f2nic de l\u2019interessat es tractaran sota la responsabilitat de RAUL AYUSO MONTERO per un inter\u00e8s leg\u00edtim i per enviar comunicacions sobre els nostres productes i serveis, i es conservaran mentre cap de les parts s\u2019hi oposi. No es comunicaran les dades a tercers, tret que sigui obligaci\u00f3 legal. Us informem que podeu exercir els drets d\u2019acc\u00e9s, rectificaci\u00f3, portabilitat i supressi\u00f3 de les vostres dades i els de limitaci\u00f3 i oposici\u00f3 al seu tractament tot adre\u00e7ant-vos a Pla\u00e7a Trafalgar, 27 Entres\u00f2l 1 &#8211; 08913 Badalona (Barcelona). E-mail: <a href=\"mailto:info@implantdentalbadalona.com\">info@implantdentalbadalona.com. <\/a>Si considereu que el tractament no s\u2019ajusta a la normativa vigent, podeu presentar una reclamaci\u00f3 davant l\u2019autoritat de control a <a href=\"http:\/\/www.aepd.es\/\">www.aepd.es.<\/a><\/p>\n<p>Aquest missatge i els seus arxius adjunts poden contenir informaci\u00f3 confidencial que es prohibeix comunicar, reproduir o distribuir. Si no en sou el destinatari final, elimineu-lo i informeu-nos-en per aquesta via.<br \/>De conformitat amb el que estableixen les normatives vigents en protecci\u00f3 de dades, GDPR i LOPDGDD, l\u2019informem que les dades personals es tractaran sota la responsabilitat de RAUL AYUSO MONTERO per un inter\u00e8s leg\u00edtim i per a l\u2019enviament de comunicacions sobre els nostres productes i serveis i es conservaran mentre cap de les parts s\u2019hi oposi i no es cediran a tercers, tret que sigui per obligaci\u00f3 legal. Podeu exercir els drets d\u2019acc\u00e9s, rectificaci\u00f3, portabilitat, supressi\u00f3, limitaci\u00f3 i oposici\u00f3 tot enviant un missatge a <a href=\"mailto:info@implantdentalbadalona.com\">info@implantdentalbadalona.com <\/a>i si considereu que el tractament no s\u2019ajusta a la normativa vigent, podreu presentar una reclamaci\u00f3 davant l\u2019autoritat de control a <a href=\"http:\/\/www.aepd.es\/\">www.aepd.es.<\/a><\/p>\n\t\t\t\t\t\t<\/div>\n\t\t\t\t<\/div>\n\t\t\t\t\t<\/div>\n\t\t<\/div>\n\t\t\t\t\t<\/div>\n\t\t<\/section>\n\t\t\t\t<\/div>\n\t\t","protected":false},"excerpt":{"rendered":"<p>Correu electr\u00f2nic AV\u00cdS LEGAL: Aquest missatge i els seus arxius adjunts van dirigits exclusivament al seu destinatari, i poden contenir informaci\u00f3 confidencial sotmesa a secret professional. No n\u2019\u00e9s permesa la comunicaci\u00f3, reproducci\u00f3 o distribuci\u00f3 sense l\u2019autoritzaci\u00f3 expressa de RAUL AYUSO MONTERO. Si no en sou el destinatari final, si us plau, elimineu-lo i informeu- nos-en &#8230; <a title=\"Correu electr\u00f2nic\" class=\"read-more\" href=\"https:\/\/www.implantdentalbadalona.com\/ca\/correu-electronic\/\" aria-label=\"M\u00e9s informaci\u00f3 sobre Correu electr\u00f2nic\">Read more<\/a><\/p>\n","protected":false},"author":1,"featured_media":0,"parent":0,"menu_order":0,"comment_status":"closed","ping_status":"closed","template":"","meta":{"_seopress_robots_primary_cat":"","_seopress_titles_title":"","_seopress_titles_desc":"","_seopress_robots_index":"","footnotes":""},"class_list":["post-852","page","type-page","status-publish"],"_links":{"self":[{"href":"https:\/\/www.implantdentalbadalona.com\/ca\/wp-json\/wp\/v2\/pages\/852"}],"collection":[{"href":"https:\/\/www.implantdentalbadalona.com\/ca\/wp-json\/wp\/v2\/pages"}],"about":[{"href":"https:\/\/www.implantdentalbadalona.com\/ca\/wp-json\/wp\/v2\/types\/page"}],"author":[{"embeddable":true,"href":"https:\/\/www.implantdentalbadalona.com\/ca\/wp-json\/wp\/v2\/users\/1"}],"replies":[{"embeddable":true,"href":"https:\/\/www.implantdentalbadalona.com\/ca\/wp-json\/wp\/v2\/comments?post=852"}],"version-history":[{"count":1,"href":"https:\/\/www.implantdentalbadalona.com\/ca\/wp-json\/wp\/v2\/pages\/852\/revisions"}],"predecessor-version":[{"id":853,"href":"https:\/\/www.implantdentalbadalona.com\/ca\/wp-json\/wp\/v2\/pages\/852\/revisions\/853"}],"wp:attachment":[{"href":"https:\/\/www.implantdentalbadalona.com\/ca\/wp-json\/wp\/v2\/media?parent=852"}],"curies":[{"name":"wp","href":"https:\/\/api.w.org\/{rel}","templated":true}]}}