{"id":854,"date":"2023-08-02T14:23:29","date_gmt":"2023-08-02T14:23:29","guid":{"rendered":"https:\/\/www.implantdentalbadalona.com\/politica-de-cookies\/"},"modified":"2023-08-02T14:24:30","modified_gmt":"2023-08-02T14:24:30","slug":"politica-de-cookies","status":"publish","type":"page","link":"https:\/\/www.implantdentalbadalona.com\/ca\/politica-de-cookies\/","title":{"rendered":"Pol\u00edtica de Cookies"},"content":{"rendered":"\t\t<div data-elementor-type=\"wp-page\" data-elementor-id=\"854\" class=\"elementor elementor-854 elementor-821\" data-elementor-post-type=\"page\">\n\t\t\t\t\t\t<section class=\"elementor-section elementor-top-section elementor-element elementor-element-2ddc57b elementor-section-boxed elementor-section-height-default elementor-section-height-default\" data-id=\"2ddc57b\" data-element_type=\"section\">\n\t\t\t\t\t\t<div class=\"elementor-container elementor-column-gap-default\">\n\t\t\t\t\t<div class=\"elementor-column elementor-col-100 elementor-top-column elementor-element elementor-element-bee9d3d\" data-id=\"bee9d3d\" data-element_type=\"column\">\n\t\t\t<div class=\"elementor-widget-wrap elementor-element-populated\">\n\t\t\t\t\t\t<div class=\"elementor-element elementor-element-d3ef048 elementor-widget elementor-widget-heading\" data-id=\"d3ef048\" data-element_type=\"widget\" data-widget_type=\"heading.default\">\n\t\t\t\t<div class=\"elementor-widget-container\">\n\t\t\t<h2 class=\"elementor-heading-title elementor-size-default\">POL\u00cdTICA DE COOKIES<\/h2>\t\t<\/div>\n\t\t\t\t<\/div>\n\t\t\t\t<div class=\"elementor-element elementor-element-2bfe7a8 elementor-widget elementor-widget-text-editor\" data-id=\"2bfe7a8\" data-element_type=\"widget\" data-widget_type=\"text-editor.default\">\n\t\t\t\t<div class=\"elementor-widget-container\">\n\t\t\t\t\t\t\t<h5 style=\"text-align: center;\"><strong>INFORMACI\u00d3 SOBRE COOKIES<\/strong><\/h5>\n<p>D\u2019acord amb la Llei 34\/2002, de 11 de juliol, de serveis de la societat de la informaci\u00f3 i de comer\u00e7 electr\u00f2nic (LSSI), en relaci\u00f3 amb el Reglament (UE) 2016\/679 de el Parlament Europeu i de Consell, de 27 de abril de 2016, General de Protecci\u00f3 de Dades (GDPR) i la Llei Org\u00e0nica 3\/2018, de 5 de desembre, de Protecci\u00f3 de Dades i Garantia dels Drets Digitals (LOPDGDD), \u00e9s obligat obtenir el consentiment expr\u00e9s de l\u2019usuari de totes les p\u00e0gines web que fan servir cookies prescindibles, abans que aquest navegui per elles.<\/p>\n<h5 style=\"text-align: center;\"><strong>QU\u00c8 S\u00d3N LES COOKIES?<\/strong><\/h5>\n<p>Les <em>cookies <\/em>i altres tecnologies similars com ara local shared objects, flash <em>cookies <\/em>o p\u00edxels, s\u00f3n eines emprades pels servidors Web per emmagatzemar i recuperar informaci\u00f3 sobre els seus visitants, aix\u00ed com per oferir un correcte funcionament del lloc.<\/p>\n<p>Mitjan\u00e7ant l\u2019\u00fas d\u2019aquests dispositius es permet al servidor Web recordar algunes dades referents a l\u2019usuari, com les seves prefer\u00e8ncies per a la visualitzaci\u00f3 de les p\u00e0gines d\u2019aquest servidor, nom i contrasenya, productes que m\u00e9s li interessen, etc.<\/p>\n<h5 style=\"text-align: center;\"><strong><em>COOKIES <\/em>AFECTADES PER LA NORMATIVA I COOKIES EXCEPTUADES<\/strong><\/h5>\n<p>Segons la directiva de la UE, les <em>cookies <\/em>que requereixen el consentiment informat per part de l\u2019usuari s\u00f3n les <em>cookies <\/em>anal\u00edtiques i les de publicitat i afiliaci\u00f3, i queden exceptuades les de car\u00e0cter t\u00e8cnic i les necess\u00e0ries per al funcionament del lloc web o la prestaci\u00f3 de serveis expressament sol\u00b7licitats per l\u2019usuari.<\/p>\n<h5 style=\"text-align: center;\"><strong>TIPUS DE COOKIES<\/strong><\/h5>\n<p><strong>SEGONS LA FINALITAT<\/strong><\/p>\n<ul>\n<li><strong><em>Cookies <\/em>t\u00e8cniques i funcionals<\/strong>: s\u00f3n les que permeten a l\u2019usuari navegar a trav\u00e9s d\u2019una p\u00e0gina web, plataforma o aplicaci\u00f3 i utilitzar les diferents opcions o serveis que hi hagi<em>.<\/em><\/li>\n<li><strong><em>Cookies <\/em>d\u2019an\u00e0lisi<\/strong>: s\u00f3n les que permeten al responsable d\u2019aquestes monitoritzar i analitzar el comportament dels usuaris dels llocs web als quals estan vinculats. La informaci\u00f3 recollida mitjan\u00e7ant aquest tipus de <em>cookies <\/em>s\u2019utilitza en el mesurament de l\u2019activitat dels llocs web, aplicaci\u00f3 o plataforma i per elaborar perfils de navegaci\u00f3 dels usuaris d\u2019aquests llocs, aplicacions i plataformes, per tal d\u2019introduir millores en funci\u00f3 de l\u2019an\u00e0lisi de les dades d\u2019\u00fas que fan els usuaris del servei.<\/li>\n<li><strong><em>Cookies <\/em>publicit\u00e0ries: <\/strong>s\u00f3n aquelles que permeten gestionar, de la manera m\u00e9s efica\u00e7 possible, els espais publicitaris que, si escau, l\u2019editor hagi incl\u00f2s en una p\u00e0gina web, aplicaci\u00f3 o plataforma des de la qual presta el servei sol\u00b7licitat segons criteris com el contingut editat o la freq\u00fc\u00e8ncia en qu\u00e8 es mostren els anuncis.<\/li>\n<li><strong><em>Cookies <\/em>de publicitat comportamental<\/strong>: recullen informaci\u00f3 sobre les prefer\u00e8ncies i eleccions personals de l\u2019usuari (<em>retargeting<\/em>) per permetre gestionar, de la manera m\u00e9s efica\u00e7 possible, els espais publicitaris que, si escau, l\u2019editor hagi incl\u00f2s en una p\u00e0gina web, aplicaci\u00f3 o plataforma des de la qual presta el servei sol\u00b7licitat.<\/li>\n<li><strong><em>Cookies <\/em>socials<\/strong>: s\u00f3n aquelles que han estat instal\u00b7lades per les plataformes de xarxes socials en els serveis per permetre-us compartir contingut amb els vostres amics i xarxes. Les plataformes de mitjans socials tenen la capacitat de rastrejar la vostra activitat en l\u00ednia fora dels Serveis. Aix\u00f2 pot afectar el contingut i els missatges que veieu en altres serveis que visiteu.<\/li>\n<li><strong><em>Cookies <\/em>d\u2019afiliats<\/strong>: permeten fer un seguiment de les visites procedents d\u2019altres webs, amb les quals el lloc web estableix un contracte d\u2019afiliaci\u00f3 (empreses d\u2019afiliaci\u00f3).<\/li>\n<li><strong><em>Cookies <\/em>de seguretat<\/strong>: emmagatzemen informaci\u00f3 xifrada per evitar que les dades que s\u2019hi guarden siguin vulnerables a atacs maliciosos de tercers.<\/li>\n<\/ul>\n<h5><strong>SEGONS LA PROPIETAT<\/strong><\/h5>\n<ul>\n<li><strong><em>Cookies <\/em>pr\u00f2pies<\/strong>: s\u00f3n les que s\u2019envien a l\u2019equip terminal de l\u2019usuari des d\u2019un equip o domini gestionat pel propi editor i des del qual es proporciona el servei sol\u00b7licitat per l\u2019usuari.<\/li>\n<li><strong><em>Cookies <\/em>de tercers: <\/strong>s\u00f3n les que s\u2019envien a l\u2019equip terminal de l\u2019usuari des d\u2019un equip o domini que no \u00e9s gestionat per l\u2019editor, sin\u00f3 per una altra entitat que tracta les dades obtingudes mitjan\u00e7ant les cookies.<\/li>\n<\/ul>\n<h5><strong>SEGONS EL TERMINI DE CONSERVACI\u00d3<\/strong><\/h5>\n<ul>\n<li><strong><em>Cookies <\/em><\/strong><strong>de sessi\u00f3: <\/strong>s\u00f3n un tipus de <em>cookies <\/em>dissenyades per obtenir i emmagatzemar dades mentre l\u2019usuari accedeix a una p\u00e0gina web.<\/li>\n<li><strong><em>Cookies <\/em>persistents: <\/strong>s\u00f3n un tipus de cookies en qu\u00e8 les dades segueixen emmagatzemades en el terminal i poden ser accedides i tractades durant un per\u00edode definit pel responsable de la <em>cookie<\/em>, i que durar des d\u2019uns minuts a diversos anys.<\/li>\n<\/ul>\n<h5 style=\"text-align: center;\"><strong>TRACTAMENT DE DADES PERSONALS<\/strong><\/h5>\n<p>RAUL AYUSO MONTERO \u00e9s el <strong>Responsable del tractament <\/strong>de les dades personals de l\u2019<strong>Interessat <\/strong>i l\u2019informa que aquestes dades es tractaran de conformitat amb el que estableix el Reglament (UE) 2016\/679, de 27 d\u2019abril de 2016 (GDPR), per la qual cosa se li facilita la seg\u00fcent informaci\u00f3 del tractament:<\/p>\n<p><strong>Finalitats del tractament: <\/strong>segons s\u2019especifica en l\u2019apartat de <em>cookies <\/em>que s\u2019utilitzen en aquest lloc web.<br \/>\n<strong>Legitimaci\u00f3 del tractament<\/strong>: llevat dels casos en qu\u00e8 resulti necessari per a la navegaci\u00f3 per la web, per consentiment de l\u2019interessat (art. 6.1 GDPR).<br \/>\n<strong>Criteris de conservaci\u00f3 de les dades<\/strong>: segons s\u2019especifica en l\u2019apartat de <em>cookies <\/em>utilitzades al web.<br \/>\n<strong>Comunicaci\u00f3 de les dades<\/strong>: no es comunicaran les dades a tercers, excepte en cookies propietat de tercers o per obligaci\u00f3 legal.<\/p>\n<h5>Drets que t\u00e9 l\u2019Interessat:<\/h5>\n<ul>\n<li>Dret a retirar el consentiment en qualsevol<\/li>\n<\/ul>\n<p>Dret d\u2019acc\u00e9s, rectificaci\u00f3, portabilitat i supressi\u00f3 de les seves dades i de limitaci\u00f3 o oposici\u00f3 al seu tractament.<\/p>\n<ul>\n<li>Dret a presentar una reclamaci\u00f3 davant l\u2019Autoritat de control (www.aepd.es) si considera que el tractament no s\u2019ajusta a la normativa<\/li>\n<\/ul>\n<h5>Dades de contacte per exercir els seus drets:<\/h5>\n<p>RAUL AYUSO MONTERO. Pla\u00e7a Trafalgar, 27 Entres\u00f2l 1 &#8211; 08913 Badalona (Barcelona). E-mail: <a href=\"mailto:info@implantdentalbadalona.com\">info@implantdentalbadalona.com<\/a><\/p>\n<h5 style=\"text-align: center;\">COOKIES UTILITZADES EN AQUEST LLOC WEB<\/h5>\n\t\t\t\t\t\t<\/div>\n\t\t\t\t<\/div>\n\t\t\t\t<div class=\"elementor-element elementor-element-2ab9126 elementor-widget elementor-widget-image\" data-id=\"2ab9126\" data-element_type=\"widget\" data-widget_type=\"image.default\">\n\t\t\t\t<div class=\"elementor-widget-container\">\n\t\t\t\t\t\t\t\t\t\t\t\t\t<img fetchpriority=\"high\" decoding=\"async\" width=\"675\" height=\"774\" src=\"https:\/\/www.implantdentalbadalona.com\/wp-content\/uploads\/2023\/08\/2023-08-28_18h54_46.png\" class=\"attachment-large size-large wp-image-828\" alt=\"2023 08 28 18h54 46\" srcset=\"https:\/\/www.implantdentalbadalona.com\/wp-content\/uploads\/2023\/08\/2023-08-28_18h54_46.png 675w, https:\/\/www.implantdentalbadalona.com\/wp-content\/uploads\/2023\/08\/2023-08-28_18h54_46-262x300.png 262w\" sizes=\"(max-width: 675px) 100vw, 675px\" \/>\t\t\t\t\t\t\t\t\t\t\t\t\t<\/div>\n\t\t\t\t<\/div>\n\t\t\t\t<div class=\"elementor-element elementor-element-1cce85f elementor-widget elementor-widget-image\" data-id=\"1cce85f\" data-element_type=\"widget\" data-widget_type=\"image.default\">\n\t\t\t\t<div class=\"elementor-widget-container\">\n\t\t\t\t\t\t\t\t\t\t\t\t\t<img decoding=\"async\" width=\"670\" height=\"82\" src=\"https:\/\/www.implantdentalbadalona.com\/wp-content\/uploads\/2023\/08\/2023-08-28_18h56_15.png\" class=\"attachment-large size-large wp-image-830\" alt=\"2023 08 28 18h56 15\" srcset=\"https:\/\/www.implantdentalbadalona.com\/wp-content\/uploads\/2023\/08\/2023-08-28_18h56_15.png 670w, https:\/\/www.implantdentalbadalona.com\/wp-content\/uploads\/2023\/08\/2023-08-28_18h56_15-300x37.png 300w\" sizes=\"(max-width: 670px) 100vw, 670px\" \/>\t\t\t\t\t\t\t\t\t\t\t\t\t<\/div>\n\t\t\t\t<\/div>\n\t\t\t\t<div class=\"elementor-element elementor-element-9852dc1 elementor-widget elementor-widget-image\" data-id=\"9852dc1\" data-element_type=\"widget\" data-widget_type=\"image.default\">\n\t\t\t\t<div class=\"elementor-widget-container\">\n\t\t\t\t\t\t\t\t\t\t\t\t\t<img decoding=\"async\" width=\"669\" height=\"44\" src=\"https:\/\/www.implantdentalbadalona.com\/wp-content\/uploads\/2023\/08\/2023-08-28_18h57_58.png\" class=\"attachment-large size-large wp-image-835\" alt=\"2023 08 28 18h57 58\" srcset=\"https:\/\/www.implantdentalbadalona.com\/wp-content\/uploads\/2023\/08\/2023-08-28_18h57_58.png 669w, https:\/\/www.implantdentalbadalona.com\/wp-content\/uploads\/2023\/08\/2023-08-28_18h57_58-300x20.png 300w\" sizes=\"(max-width: 669px) 100vw, 669px\" \/>\t\t\t\t\t\t\t\t\t\t\t\t\t<\/div>\n\t\t\t\t<\/div>\n\t\t\t\t<div class=\"elementor-element elementor-element-5833f3e elementor-widget elementor-widget-text-editor\" data-id=\"5833f3e\" data-element_type=\"widget\" data-widget_type=\"text-editor.default\">\n\t\t\t\t<div class=\"elementor-widget-container\">\n\t\t\t\t\t\t\t<p>Els serveis de tercers s\u00f3n aliens al control de l\u2019editor. Els prove\u00efdors poden modificar en qualsevol moment les seves condicions de servei, finalitat i \u00fas de les cookies, etc.<\/p>\n<p><strong>Prove\u00efdors externs d\u2019aquest lloc web:<\/strong><strong>\u00a0<\/strong><\/p>\n<table>\n<tbody>\n<tr>\n<td width=\"113\"><strong>Editor<\/strong><\/td>\n<td width=\"529\"><strong>Pol\u00edtica<\/strong> <strong>de privacitat<\/strong><\/td>\n<\/tr>\n<tr>\n<td width=\"113\">Google<\/td>\n<td width=\"529\"><a href=\"https:\/\/privacy.google.com\/take-control.html\">https:\/\/privacy.google.com\/take-control.html<\/a><\/td>\n<\/tr>\n<tr>\n<td width=\"113\">Google<\/td>\n<td width=\"529\"><a href=\"https:\/\/safety.google\/privacy\/privacy-controls\/\">https:\/\/safety.google\/privacy\/privacy-controls\/<\/a><\/td>\n<\/tr>\n<\/tbody>\n<\/table>\n<p><strong>\u00a0<\/strong><\/p>\n\t\t\t\t\t\t<\/div>\n\t\t\t\t<\/div>\n\t\t\t\t<div class=\"elementor-element elementor-element-b3993fb elementor-widget elementor-widget-image\" data-id=\"b3993fb\" data-element_type=\"widget\" data-widget_type=\"image.default\">\n\t\t\t\t<div class=\"elementor-widget-container\">\n\t\t\t\t\t\t\t\t\t\t\t\t\t<img loading=\"lazy\" decoding=\"async\" width=\"660\" height=\"45\" src=\"https:\/\/www.implantdentalbadalona.com\/wp-content\/uploads\/2023\/08\/2pol.png\" class=\"attachment-large size-large wp-image-837\" alt=\"2pol\" srcset=\"https:\/\/www.implantdentalbadalona.com\/wp-content\/uploads\/2023\/08\/2pol.png 660w, https:\/\/www.implantdentalbadalona.com\/wp-content\/uploads\/2023\/08\/2pol-300x20.png 300w\" sizes=\"(max-width: 660px) 100vw, 660px\" \/>\t\t\t\t\t\t\t\t\t\t\t\t\t<\/div>\n\t\t\t\t<\/div>\n\t\t\t\t<div class=\"elementor-element elementor-element-00e75a7 elementor-widget elementor-widget-text-editor\" data-id=\"00e75a7\" data-element_type=\"widget\" data-widget_type=\"text-editor.default\">\n\t\t\t\t<div class=\"elementor-widget-container\">\n\t\t\t\t\t\t\t<p>Des d\u2019aquest panell pot configurar les cookies que el lloc web pot instal\u00b7lar en el seu navegador, excepte les cookies t\u00e8cniques o funcionals que s\u00f3n necess\u00e0ries per a la navegaci\u00f3 i la utilitzaci\u00f3 de les diferents opcions o serveis que s\u2019ofereixen.<\/p>\n<p style=\"text-align: center;\"><a href=\"https:\/\/www.implantdentalbadalona.com\/ca\/\">Panell de cookies<\/a><\/p>\n<table>\n<tbody>\n<tr>\n<td colspan=\"3\" width=\"641\"><strong>COM<\/strong> <strong>GESTIONAR<\/strong> <strong>LES<\/strong> <strong>COOKIES<\/strong> <strong>DES<\/strong> <strong>DEL NAVEGADOR<\/strong><\/td>\n<\/tr>\n<tr>\n<td colspan=\"2\" width=\"192\"><strong>Eliminar les cookies del dispositiu<\/strong><\/td>\n<td width=\"449\">Les cookies que ja es troben en un dispositiu es poden eliminar esborrant l\u2019historial del navegador, de manera que se suprimeixen les cookies de tots els llocs web visitats.<\/p>\n<p>No obstant aix\u00f2, tamb\u00e9 es pot perdre part de la informaci\u00f3 desada (per exemple, les dades d\u2019inici de sessi\u00f3 o les prefer\u00e8ncies de lloc web).<\/td>\n<\/tr>\n<tr>\n<td colspan=\"2\" width=\"192\"><strong>Gestionar les cookies espec\u00edfiques del lloc<\/strong><\/td>\n<td width=\"449\">Per tenir un control m\u00e9s prec\u00eds de les cookies espec\u00edfiques de cada lloc, els usuaris poden ajustar la seva configuraci\u00f3 de privacitat i cookies al navegador.<\/td>\n<\/tr>\n<tr>\n<td colspan=\"2\" width=\"192\"><strong>Bloquejar<\/strong> <strong>les cookies<\/strong><\/td>\n<td width=\"449\">Encara que la majoria dels navegadors moderns es poden configurar per evitar que s\u2019instal\u00b7lin cookies en els dispositius, aix\u00f2 pot obligar a ajustar manualment determinades prefer\u00e8ncies cada vegada que es visiti un lloc o p\u00e0gina. A m\u00e9s, alguns serveis i caracter\u00edstiques poden no funcionar correctament (per exemple, els inicis de sessi\u00f3 amb perfil).<\/td>\n<\/tr>\n<tr>\n<td colspan=\"3\" width=\"641\">\n<p style=\"text-align: center;\"><strong>COM ELIMINAR LES COOKIES DELS NAVEGADORS M\u00c9S COMUNS<\/strong><\/p>\n<\/td>\n<\/tr>\n<tr>\n<td width=\"86\"><strong>Chrome<\/strong><\/td>\n<td colspan=\"2\" width=\"555\"><a href=\"http:\/\/support.google.com\/chrome\/answer\/95647?hl=es\">http:\/\/support.google.com\/chrome\/answer\/95647?hl=es<\/a><\/td>\n<\/tr>\n<tr>\n<td width=\"86\"><strong>Edge<\/strong><\/td>\n<td colspan=\"2\" width=\"555\"><a href=\"https:\/\/support.microsoft.com\/es-es\/microsoft-edge\/eliminar-las-cookies-en-microsoft-edge-63947406-40ac-c3b8-57b9-2a946a29ae09\">https:\/\/support.microsoft.com\/es-es\/microsoft-edge\/eliminar-las-cookies-en-microsoft-edge-63947406-40ac-c3b8-57b9-2a946a29ae09<\/a><\/td>\n<\/tr>\n<tr>\n<td width=\"86\"><strong>Explorer<\/strong><\/td>\n<td colspan=\"2\" width=\"555\"><a href=\"https:\/\/support.microsoft.com\/es-es\/help\/278835\/how-to-delete-cookie-files-in-internet-explorer\">https:\/\/support.microsoft.com\/es-es\/help\/278835\/how-to-delete-cookie-files-in-internet-explorer<\/a><\/td>\n<\/tr>\n<tr>\n<td width=\"86\"><strong>Firefox<\/strong><\/td>\n<td colspan=\"2\" width=\"555\"><a href=\"https:\/\/www.mozilla.org\/es-ES\/privacy\/websites\/#cookies\">https:\/\/www.mozilla.org\/es-ES\/privacy\/websites\/#cookies<\/a><\/td>\n<\/tr>\n<tr>\n<td width=\"86\"><strong>Safari<\/strong><\/td>\n<td colspan=\"2\" width=\"555\"><a href=\"https:\/\/support.apple.com\/es-es\/guide\/safari\/sfri11471\/mac\">https:\/\/support.apple.com\/es-es\/guide\/safari\/sfri11471\/mac<\/a><\/td>\n<\/tr>\n<tr>\n<td width=\"86\"><strong>Opera<\/strong><\/td>\n<td colspan=\"2\" width=\"555\"><a href=\"https:\/\/help.opera.com\/en\/latest\/security-and-privacy\/#clearBrowsingData\">https:\/\/help.opera.com\/en\/latest\/security-and-privacy\/#clearBrowsingData<\/a><\/td>\n<\/tr>\n<\/tbody>\n<\/table>\n\t\t\t\t\t\t<\/div>\n\t\t\t\t<\/div>\n\t\t\t\t\t<\/div>\n\t\t<\/div>\n\t\t\t\t\t<\/div>\n\t\t<\/section>\n\t\t\t\t<\/div>\n\t\t","protected":false},"excerpt":{"rendered":"<p>POL\u00cdTICA DE COOKIES INFORMACI\u00d3 SOBRE COOKIES D\u2019acord amb la Llei 34\/2002, de 11 de juliol, de serveis de la societat de la informaci\u00f3 i de comer\u00e7 electr\u00f2nic (LSSI), en relaci\u00f3 amb el Reglament (UE) 2016\/679 de el Parlament Europeu i de Consell, de 27 de abril de 2016, General de Protecci\u00f3 de Dades (GDPR) i &#8230; <a title=\"Pol\u00edtica de Cookies\" class=\"read-more\" href=\"https:\/\/www.implantdentalbadalona.com\/ca\/politica-de-cookies\/\" aria-label=\"M\u00e9s informaci\u00f3 sobre Pol\u00edtica de Cookies\">Read more<\/a><\/p>\n","protected":false},"author":1,"featured_media":0,"parent":0,"menu_order":0,"comment_status":"closed","ping_status":"closed","template":"","meta":{"_seopress_robots_primary_cat":"","_seopress_titles_title":"","_seopress_titles_desc":"","_seopress_robots_index":"","footnotes":""},"class_list":["post-854","page","type-page","status-publish"],"_links":{"self":[{"href":"https:\/\/www.implantdentalbadalona.com\/ca\/wp-json\/wp\/v2\/pages\/854"}],"collection":[{"href":"https:\/\/www.implantdentalbadalona.com\/ca\/wp-json\/wp\/v2\/pages"}],"about":[{"href":"https:\/\/www.implantdentalbadalona.com\/ca\/wp-json\/wp\/v2\/types\/page"}],"author":[{"embeddable":true,"href":"https:\/\/www.implantdentalbadalona.com\/ca\/wp-json\/wp\/v2\/users\/1"}],"replies":[{"embeddable":true,"href":"https:\/\/www.implantdentalbadalona.com\/ca\/wp-json\/wp\/v2\/comments?post=854"}],"version-history":[{"count":5,"href":"https:\/\/www.implantdentalbadalona.com\/ca\/wp-json\/wp\/v2\/pages\/854\/revisions"}],"predecessor-version":[{"id":862,"href":"https:\/\/www.implantdentalbadalona.com\/ca\/wp-json\/wp\/v2\/pages\/854\/revisions\/862"}],"wp:attachment":[{"href":"https:\/\/www.implantdentalbadalona.com\/ca\/wp-json\/wp\/v2\/media?parent=854"}],"curies":[{"name":"wp","href":"https:\/\/api.w.org\/{rel}","templated":true}]}}